{"id":4028,"date":"2019-03-21T10:31:16","date_gmt":"2019-03-21T13:31:16","guid":{"rendered":"http:\/\/mcaf-fredericton.com\/?page_id=4028"},"modified":"2025-02-01T13:09:21","modified_gmt":"2025-02-01T17:09:21","slug":"welcome","status":"publish","type":"page","link":"https:\/\/mcaf.nb.ca\/","title":{"rendered":"Welcome"},"content":{"rendered":"\t\t<div data-elementor-type=\"wp-post\" data-elementor-id=\"4028\" class=\"elementor elementor-4028\" data-elementor-post-type=\"page\">\n\t\t\t\t\t\t<section class=\"elementor-section elementor-top-section elementor-element elementor-element-5a76341d elementor-section-content-middle elementor-section-boxed elementor-section-height-default elementor-section-height-default\" data-id=\"5a76341d\" data-element_type=\"section\" data-e-type=\"section\" data-settings=\"{&quot;background_background&quot;:&quot;classic&quot;}\">\r\n\t\t\t\t\t\t<div class=\"elementor-container elementor-column-gap-thegem\"><div class=\"elementor-row\">\r\n\t\t\t\t\t<div class=\"elementor-column elementor-col-50 elementor-top-column elementor-element elementor-element-74b72b08\" data-id=\"74b72b08\" data-element_type=\"column\" data-e-type=\"column\">\n\t\t\t<div class=\"elementor-widget-wrap elementor-element-populated\">\n\t\t\t\t\t\t<div class=\"elementor-element elementor-element-6f4f5245 elementor-align-start elementor-mobile-align-center elementor-icon-list--layout-traditional elementor-list-item-link-full_width flex-horizontal-align-default flex-horizontal-align-tablet-default flex-horizontal-align-mobile-default flex-vertical-align-default flex-vertical-align-tablet-default flex-vertical-align-mobile-default elementor-widget elementor-widget-icon-list\" data-id=\"6f4f5245\" data-element_type=\"widget\" data-e-type=\"widget\" data-widget_type=\"icon-list.default\">\n\t\t\t\t<div class=\"elementor-widget-container\">\n\t\t\t\t\t\t\t<ul class=\"elementor-icon-list-items\">\n\t\t\t\t\t\t\t<li class=\"elementor-icon-list-item\">\n\t\t\t\t\t\t\t\t\t\t\t<a href=\"mailto:mcaf@mcaf.nb.ca\">\n\n\t\t\t\t\t\t\t\t\t\t\t\t<span class=\"elementor-icon-list-icon\">\n\t\t\t\t\t\t\t<i aria-hidden=\"true\" class=\"fas fa-paper-plane\"><\/i>\t\t\t\t\t\t<\/span>\n\t\t\t\t\t\t\t\t\t\t<span class=\"elementor-icon-list-text\">mcaf@mcaf.nb.ca<\/span>\n\t\t\t\t\t\t\t\t\t\t\t<\/a>\n\t\t\t\t\t\t\t\t\t<\/li>\n\t\t\t\t\t\t<\/ul>\n\t\t\t\t\t\t<\/div>\n\t\t\t\t<\/div>\n\t\t\t\t\t<\/div>\n\t\t<\/div>\n\t\t\t\t<div class=\"elementor-column elementor-col-50 elementor-top-column elementor-element elementor-element-35748685\" data-id=\"35748685\" data-element_type=\"column\" data-e-type=\"column\">\n\t\t\t<div class=\"elementor-widget-wrap elementor-element-populated\">\n\t\t\t\t\t\t<div class=\"elementor-element elementor-element-5312eed2 elementor-align-end elementor-mobile-align-center elementor-icon-list--layout-traditional elementor-list-item-link-full_width flex-horizontal-align-default flex-horizontal-align-tablet-default flex-horizontal-align-mobile-default flex-vertical-align-default flex-vertical-align-tablet-default flex-vertical-align-mobile-default elementor-widget elementor-widget-icon-list\" data-id=\"5312eed2\" data-element_type=\"widget\" data-e-type=\"widget\" data-widget_type=\"icon-list.default\">\n\t\t\t\t<div class=\"elementor-widget-container\">\n\t\t\t\t\t\t\t<ul class=\"elementor-icon-list-items\">\n\t\t\t\t\t\t\t<li class=\"elementor-icon-list-item\">\n\t\t\t\t\t\t\t\t\t\t\t<span class=\"elementor-icon-list-icon\">\n\t\t\t\t\t\t\t<i aria-hidden=\"true\" class=\"gem-mdi mdi-cellphone-settings\"><\/i>\t\t\t\t\t\t<\/span>\n\t\t\t\t\t\t\t\t\t\t<span class=\"elementor-icon-list-text\">1-506-454-8292<\/span>\n\t\t\t\t\t\t\t\t\t<\/li>\n\t\t\t\t\t\t<\/ul>\n\t\t\t\t\t\t<\/div>\n\t\t\t\t<\/div>\n\t\t\t\t\t<\/div>\n\t\t<\/div>\n\t\t\t\t\t<\/div><\/div>\r\n\t\t<\/section>\r\n\t\t\t\t<section class=\"elementor-section elementor-top-section elementor-element elementor-element-7ec2bb9e elementor-section-content-middle elementor-section-boxed elementor-section-height-default elementor-section-height-default\" data-id=\"7ec2bb9e\" data-element_type=\"section\" data-e-type=\"section\" data-settings=\"{&quot;background_background&quot;:&quot;gradient&quot;,&quot;shape_divider_top&quot;:&quot;curve&quot;,&quot;shape_divider_bottom&quot;:&quot;curve&quot;}\">\r\n\t\t\t\t\t<div class=\"elementor-shape elementor-shape-top\" data-negative=\"false\">\r\n\t\t\t<svg xmlns=\"http:\/\/www.w3.org\/2000\/svg\" viewBox=\"0 0 1000 100\" preserveAspectRatio=\"none\">\n    <path class=\"elementor-shape-fill\" d=\"M1000,4.3V0H0v4.3C0.9,23.1,126.7,99.2,500,100S1000,22.7,1000,4.3z\"\/>\n<\/svg>\t\t<\/div>\r\n\t\t\t\t<div class=\"elementor-shape elementor-shape-bottom\" data-negative=\"false\">\r\n\t\t\t<svg xmlns=\"http:\/\/www.w3.org\/2000\/svg\" viewBox=\"0 0 1000 100\" preserveAspectRatio=\"none\">\n    <path class=\"elementor-shape-fill\" d=\"M1000,4.3V0H0v4.3C0.9,23.1,126.7,99.2,500,100S1000,22.7,1000,4.3z\"\/>\n<\/svg>\t\t<\/div>\r\n\t\t\t\t\t<div class=\"elementor-container elementor-column-gap-thegem\"><div class=\"elementor-row\">\r\n\t\t\t\t\t<div class=\"elementor-column elementor-col-100 elementor-top-column elementor-element elementor-element-59d534d1\" data-id=\"59d534d1\" data-element_type=\"column\" data-e-type=\"column\" data-settings=\"{&quot;background_background&quot;:&quot;none&quot;}\">\n\t\t\t<div class=\"elementor-widget-wrap elementor-element-populated\">\n\t\t\t\t\t\t<div class=\"elementor-element elementor-element-2a34383 elementor-widget__width-auto flex-horizontal-align-default flex-horizontal-align-tablet-default flex-horizontal-align-mobile-default flex-vertical-align-default flex-vertical-align-tablet-default flex-vertical-align-mobile-default elementor-widget elementor-widget-spacer\" data-id=\"2a34383\" data-element_type=\"widget\" data-e-type=\"widget\" data-widget_type=\"spacer.default\">\n\t\t\t\t<div class=\"elementor-widget-container\">\n\t\t\t\t\t\t\t<div class=\"elementor-spacer\">\n\t\t\t<div class=\"elementor-spacer-inner\"><\/div>\n\t\t<\/div>\n\t\t\t\t\t\t<\/div>\n\t\t\t\t<\/div>\n\t\t\t\t<div class=\"elementor-element elementor-element-4f0de5b2 flex-horizontal-align-default flex-horizontal-align-tablet-default flex-horizontal-align-mobile-default flex-vertical-align-default flex-vertical-align-tablet-default flex-vertical-align-mobile-default elementor-invisible elementor-widget elementor-widget-image\" data-id=\"4f0de5b2\" data-element_type=\"widget\" data-e-type=\"widget\" data-settings=\"{&quot;_animation&quot;:&quot;fadeIn&quot;}\" data-widget_type=\"image.default\">\n\t\t\t\t<div class=\"elementor-widget-container\">\n\t\t\t\t\t\t\t\t\t\t\t\t\t\t\t<img fetchpriority=\"high\" width=\"300\" height=\"300\" src=\"https:\/\/mcaf.nb.ca\/wp-content\/uploads\/2019\/02\/MCAFlogo-396-300x300.png\" class=\"attachment-medium size-medium wp-image-2599\" alt=\"\" srcset=\"https:\/\/mcaf.nb.ca\/wp-content\/uploads\/2019\/02\/MCAFlogo-396-300x300.png 300w, https:\/\/mcaf.nb.ca\/wp-content\/uploads\/2019\/02\/MCAFlogo-396-150x150.png 150w, https:\/\/mcaf.nb.ca\/wp-content\/uploads\/2019\/02\/MCAFlogo-396-256x256.png 256w, https:\/\/mcaf.nb.ca\/wp-content\/uploads\/2019\/02\/MCAFlogo-396.png 396w\" sizes=\"(max-width: 300px) 100vw, 300px\" \/>\t\t\t\t\t\t\t\t\t\t\t\t\t\t\t<\/div>\n\t\t\t\t<\/div>\n\t\t\t\t<div class=\"elementor-element elementor-element-6ca3bdd0 flex-horizontal-align-default flex-horizontal-align-tablet-default flex-horizontal-align-mobile-default flex-vertical-align-default flex-vertical-align-tablet-default flex-vertical-align-mobile-default elementor-widget elementor-widget-spacer\" data-id=\"6ca3bdd0\" data-element_type=\"widget\" data-e-type=\"widget\" data-widget_type=\"spacer.default\">\n\t\t\t\t<div class=\"elementor-widget-container\">\n\t\t\t\t\t\t\t<div class=\"elementor-spacer\">\n\t\t\t<div class=\"elementor-spacer-inner\"><\/div>\n\t\t<\/div>\n\t\t\t\t\t\t<\/div>\n\t\t\t\t<\/div>\n\t\t\t\t\t<\/div>\n\t\t<\/div>\n\t\t\t\t\t<\/div><\/div>\r\n\t\t<\/section>\r\n\t\t\t\t<section class=\"elementor-section elementor-top-section elementor-element elementor-element-413dfb1f elementor-section-boxed elementor-section-height-default elementor-section-height-default\" data-id=\"413dfb1f\" data-element_type=\"section\" data-e-type=\"section\" data-settings=\"{&quot;background_background&quot;:&quot;classic&quot;}\">\r\n\t\t\t\t\t\t<div class=\"elementor-container elementor-column-gap-thegem\"><div class=\"elementor-row\">\r\n\t\t\t\t\t<div class=\"elementor-column elementor-col-33 elementor-top-column elementor-element elementor-element-54c297d4\" data-id=\"54c297d4\" data-element_type=\"column\" data-e-type=\"column\">\n\t\t\t<div class=\"elementor-widget-wrap elementor-element-populated\">\n\t\t\t\t\t\t<div class=\"elementor-element elementor-element-5938fe66 elementor-align-center elementor-mobile-align-center flex-horizontal-align-default flex-horizontal-align-tablet-default flex-horizontal-align-mobile-default flex-vertical-align-default flex-vertical-align-tablet-default flex-vertical-align-mobile-default elementor-widget elementor-widget-button\" data-id=\"5938fe66\" data-element_type=\"widget\" data-e-type=\"widget\" data-widget_type=\"button.default\">\n\t\t\t\t<div class=\"elementor-widget-container\">\n\t\t\t\t\t\t\t\t\t<div class=\"elementor-button-wrapper\">\n\t\t\t\t\t<a class=\"elementor-button elementor-button-link elementor-size-lg elementor-animation-grow\" href=\"https:\/\/mcaf.nb.ca\/en\/\">\n\t\t\t\t\t\t<span class=\"elementor-button-content-wrapper\">\n\t\t\t\t\t\t\t\t\t<span class=\"elementor-button-text\">ENGLISH<\/span>\n\t\t\t\t\t<\/span>\n\t\t\t\t\t<\/a>\n\t\t\t\t<\/div>\n\t\t\t\t\t\t\t\t<\/div>\n\t\t\t\t<\/div>\n\t\t\t\t\t<\/div>\n\t\t<\/div>\n\t\t\t\t<div class=\"elementor-column elementor-col-33 elementor-top-column elementor-element elementor-element-1d47a183\" data-id=\"1d47a183\" data-element_type=\"column\" data-e-type=\"column\">\n\t\t\t<div class=\"elementor-widget-wrap elementor-element-populated\">\n\t\t\t\t\t\t<div class=\"elementor-element elementor-element-ac48fac flex-horizontal-align-default flex-horizontal-align-tablet-default flex-horizontal-align-mobile-default flex-vertical-align-default flex-vertical-align-tablet-default flex-vertical-align-mobile-default elementor-widget elementor-widget-heading\" data-id=\"ac48fac\" data-element_type=\"widget\" data-e-type=\"widget\" data-widget_type=\"heading.default\">\n\t\t\t\t<div class=\"elementor-widget-container\">\n\t\t\t\t\t<h3 class=\"elementor-heading-title elementor-size-default\">welcome  \u2022 bienvenue Kulasihkulpon<\/h3>\t\t\t\t<\/div>\n\t\t\t\t<\/div>\n\t\t\t\t\t<\/div>\n\t\t<\/div>\n\t\t\t\t<div class=\"elementor-column elementor-col-33 elementor-top-column elementor-element elementor-element-334d15dc\" data-id=\"334d15dc\" data-element_type=\"column\" data-e-type=\"column\">\n\t\t\t<div class=\"elementor-widget-wrap elementor-element-populated\">\n\t\t\t\t\t\t<div class=\"elementor-element elementor-element-6bb5d530 elementor-align-center elementor-mobile-align-center flex-horizontal-align-default flex-horizontal-align-tablet-default flex-horizontal-align-mobile-default flex-vertical-align-default flex-vertical-align-tablet-default flex-vertical-align-mobile-default elementor-widget elementor-widget-button\" data-id=\"6bb5d530\" data-element_type=\"widget\" data-e-type=\"widget\" data-widget_type=\"button.default\">\n\t\t\t\t<div class=\"elementor-widget-container\">\n\t\t\t\t\t\t\t\t\t<div class=\"elementor-button-wrapper\">\n\t\t\t\t\t<a class=\"elementor-button elementor-button-link elementor-size-lg elementor-animation-grow\" href=\"https:\/\/mcaf.nb.ca\/fr\/\">\n\t\t\t\t\t\t<span class=\"elementor-button-content-wrapper\">\n\t\t\t\t\t\t\t\t\t<span class=\"elementor-button-text\">fran\u00e7ais<\/span>\n\t\t\t\t\t<\/span>\n\t\t\t\t\t<\/a>\n\t\t\t\t<\/div>\n\t\t\t\t\t\t\t\t<\/div>\n\t\t\t\t<\/div>\n\t\t\t\t\t<\/div>\n\t\t<\/div>\n\t\t\t\t\t<\/div><\/div>\r\n\t\t<\/section>\r\n\t\t\t\t<section class=\"elementor-section elementor-top-section elementor-element elementor-element-32e036af elementor-section-boxed elementor-section-height-default elementor-section-height-default\" data-id=\"32e036af\" data-element_type=\"section\" data-e-type=\"section\" data-settings=\"{&quot;background_background&quot;:&quot;classic&quot;}\">\r\n\t\t\t\t\t\t<div class=\"elementor-container elementor-column-gap-thegem\"><div class=\"elementor-row\">\r\n\t\t\t\t\t<div class=\"elementor-column elementor-col-50 elementor-top-column elementor-element elementor-element-16d962c4\" data-id=\"16d962c4\" data-element_type=\"column\" data-e-type=\"column\">\n\t\t\t<div class=\"elementor-widget-wrap elementor-element-populated\">\n\t\t\t\t\t\t<div class=\"elementor-element elementor-element-3f1ddab flex-horizontal-align-default flex-horizontal-align-tablet-default flex-horizontal-align-mobile-default flex-vertical-align-default flex-vertical-align-tablet-default flex-vertical-align-mobile-default elementor-widget elementor-widget-heading\" data-id=\"3f1ddab\" data-element_type=\"widget\" data-e-type=\"widget\" data-widget_type=\"heading.default\">\n\t\t\t\t<div class=\"elementor-widget-container\">\n\t\t\t\t\t<h3 class=\"elementor-heading-title elementor-size-default\">We would like to acknowledge that the MCAF office is located in the traditional unceded territory of the Wolastoqiyik (Maliseet) People. This territory, and all of New Brunswick, are covered by the \u201cTreaties of Peace and Friendship\u201d which Wolastoqiyik (Maliseet), Mi\u2019kmaq and Passamaquoddy Peoples first signed with the British crown in 1725. The treaties did not deal with surrender of lands and resources but in fact recognized Wolastoqiyik (Maliseet), Mi\u2019kmaq and Passamaquoddy title and established the rules for what was to be an ongoing relationship between nations.<\/h3>\t\t\t\t<\/div>\n\t\t\t\t<\/div>\n\t\t\t\t<div class=\"elementor-element elementor-element-624895d flex-horizontal-align-default flex-horizontal-align-tablet-default flex-horizontal-align-mobile-default flex-vertical-align-default flex-vertical-align-tablet-default flex-vertical-align-mobile-default elementor-widget elementor-widget-spacer\" data-id=\"624895d\" data-element_type=\"widget\" data-e-type=\"widget\" data-widget_type=\"spacer.default\">\n\t\t\t\t<div class=\"elementor-widget-container\">\n\t\t\t\t\t\t\t<div class=\"elementor-spacer\">\n\t\t\t<div class=\"elementor-spacer-inner\"><\/div>\n\t\t<\/div>\n\t\t\t\t\t\t<\/div>\n\t\t\t\t<\/div>\n\t\t\t\t\t<\/div>\n\t\t<\/div>\n\t\t\t\t<div class=\"elementor-column elementor-col-50 elementor-top-column elementor-element elementor-element-d4dc563\" data-id=\"d4dc563\" data-element_type=\"column\" data-e-type=\"column\">\n\t\t\t<div class=\"elementor-widget-wrap elementor-element-populated\">\n\t\t\t\t\t\t<div class=\"elementor-element elementor-element-1028552 flex-horizontal-align-default flex-horizontal-align-tablet-default flex-horizontal-align-mobile-default flex-vertical-align-default flex-vertical-align-tablet-default flex-vertical-align-mobile-default elementor-widget elementor-widget-heading\" data-id=\"1028552\" data-element_type=\"widget\" data-e-type=\"widget\" data-widget_type=\"heading.default\">\n\t\t\t\t<div class=\"elementor-widget-container\">\n\t\t\t\t\t<h3 class=\"elementor-heading-title elementor-size-default\">Nous tenons \u00e0 souligner que le bureau de l'AMCF est situ\u00e9 dans le territoire traditionnel non c\u00e9d\u00e9 des Wolastoqiyik (Mal\u00e9cite). Ce territoire est vis\u00e9 par les \u00ab trait\u00e9s de paix et d'amiti\u00e9 \u00bb que les W\u0259last\u0259kwiyik (Mal\u00e9cites) et les Micmacs ont d'abord conclus avec la Couronne britannique en 1725. Les trait\u00e9s en question ne comportaient pas de clause relative \u00e0 la cession des terres et des ressources, mais reconnaissaient de fait le titre des Micmacs et des W\u0259last\u0259kwiyik (Mal\u00e9cites) et d\u00e9finissaient les r\u00e8gles quant \u00e0 ce qui devait \u00eatre des relations durables entre les nations.<\/h3>\t\t\t\t<\/div>\n\t\t\t\t<\/div>\n\t\t\t\t\t<\/div>\n\t\t<\/div>\n\t\t\t\t\t<\/div><\/div>\r\n\t\t<\/section>\r\n\t\t\t\t<\/div>\n\t\t","protected":false},"excerpt":{"rendered":"<p>mcaf@mcaf.nb.ca 1-506-454-8292 ENGLISH welcome \u2022 bienvenue Kulasihkulpon fran\u00e7ais We would like to acknowledge that the MCAF office is located in&#8230;<\/p>\n","protected":false},"author":1,"featured_media":0,"parent":0,"menu_order":0,"comment_status":"closed","ping_status":"closed","template":"elementor_canvas","meta":{"inline_featured_image":false,"footnotes":""},"class_list":["post-4028","page","type-page","status-publish"],"aioseo_notices":[],"_links":{"self":[{"href":"https:\/\/mcaf.nb.ca\/en\/wp-json\/wp\/v2\/pages\/4028","targetHints":{"allow":["GET"]}}],"collection":[{"href":"https:\/\/mcaf.nb.ca\/en\/wp-json\/wp\/v2\/pages"}],"about":[{"href":"https:\/\/mcaf.nb.ca\/en\/wp-json\/wp\/v2\/types\/page"}],"author":[{"embeddable":true,"href":"https:\/\/mcaf.nb.ca\/en\/wp-json\/wp\/v2\/users\/1"}],"replies":[{"embeddable":true,"href":"https:\/\/mcaf.nb.ca\/en\/wp-json\/wp\/v2\/comments?post=4028"}],"version-history":[{"count":71,"href":"https:\/\/mcaf.nb.ca\/en\/wp-json\/wp\/v2\/pages\/4028\/revisions"}],"predecessor-version":[{"id":22022,"href":"https:\/\/mcaf.nb.ca\/en\/wp-json\/wp\/v2\/pages\/4028\/revisions\/22022"}],"wp:attachment":[{"href":"https:\/\/mcaf.nb.ca\/en\/wp-json\/wp\/v2\/media?parent=4028"}],"curies":[{"name":"wp","href":"https:\/\/api.w.org\/{rel}","templated":true}]}}