{"id":11626,"date":"2022-03-31T12:12:00","date_gmt":"2022-03-31T15:12:00","guid":{"rendered":"https:\/\/mcaf.nb.ca\/aider-lukraine\/"},"modified":"2022-09-13T09:47:33","modified_gmt":"2022-09-13T12:47:33","slug":"aider-lukraine","status":"publish","type":"page","link":"https:\/\/mcaf.nb.ca\/fr\/aider-lukraine\/","title":{"rendered":"Aider l&#8217;Ukraine"},"content":{"rendered":"\t\t<div data-elementor-type=\"wp-page\" data-elementor-id=\"11626\" class=\"elementor elementor-11626 elementor-11250\" data-elementor-post-type=\"page\">\n\t\t\t\t\t\t<section class=\"elementor-section elementor-top-section elementor-element elementor-element-e2a9d3b elementor-section-boxed elementor-section-height-default elementor-section-height-default\" data-id=\"e2a9d3b\" data-element_type=\"section\" data-e-type=\"section\">\r\n\t\t\t\t\t\t<div class=\"elementor-container elementor-column-gap-thegem\"><div class=\"elementor-row\">\r\n\t\t\t\t\t<div class=\"elementor-column elementor-col-50 elementor-top-column elementor-element elementor-element-7352626\" data-id=\"7352626\" data-element_type=\"column\" data-e-type=\"column\">\n\t\t\t<div class=\"elementor-widget-wrap elementor-element-populated\">\n\t\t\t\t\t\t<div class=\"elementor-element elementor-element-fc8c71b flex-horizontal-align-default flex-horizontal-align-tablet-default flex-horizontal-align-mobile-default flex-vertical-align-default flex-vertical-align-tablet-default flex-vertical-align-mobile-default elementor-widget elementor-widget-thegem-styledimage\" data-id=\"fc8c71b\" data-element_type=\"widget\" data-e-type=\"widget\" data-settings=\"{&quot;image&quot;:{&quot;url&quot;:&quot;https:\\\/\\\/mcaf.nb.ca\\\/wp-content\\\/uploads\\\/sunflower-1.jpg&quot;,&quot;id&quot;:11303,&quot;size&quot;:&quot;&quot;,&quot;alt&quot;:&quot;&quot;,&quot;source&quot;:&quot;library&quot;},&quot;thegem_elementor_preset&quot;:&quot;default&quot;,&quot;image_position&quot;:&quot;left&quot;,&quot;icon_show&quot;:&quot;yes&quot;}\" data-widget_type=\"thegem-styledimage.default\">\n\t\t\t\t<div class=\"elementor-widget-container\">\n\t\t\t\t\t\n<div class=\"styled-image-wrapper\">\n\t\t\t<div class=\"gem-image gem-wrapbox gem-wrapbox-default gem-wrapbox-position-left lazy-loading \">\n\t\t\t<div class=\"gem-wrapbox-inner  lazy-loading-item\"  data-ll-effect=\"move-up\">\n\t\t\t\t\t\t\t\t<a href=\"https:\/\/mcaf.nb.ca\/wp-content\/uploads\/sunflower-1.jpg\">\n\t\t\t\t\t\t\t\t\t\t<img class=\"gem-wrapbox-element img-responsive \"\n\t\t\t\t\t\t src=\"https:\/\/mcaf.nb.ca\/wp-content\/uploads\/sunflower-1.jpg\"\n\t\t\t\t\t\t alt=\"Blooming sunflower in the blue sky background\">\n\t\t\t\t\t\t\t\t\t\t<i aria-hidden=\"true\" class=\"fas fa-camera\"><\/i>\t\t\t\t<\/a>\n\t\t\t\t\t\t<\/div>\n\t\t<\/div>\n\t\t<\/div>\n\n\n\t\n\t\t\t\t\t\t<\/div>\n\t\t\t\t<\/div>\n\t\t\t\t\t<\/div>\n\t\t<\/div>\n\t\t\t\t<div class=\"elementor-column elementor-col-50 elementor-top-column elementor-element elementor-element-12ca59d\" data-id=\"12ca59d\" data-element_type=\"column\" data-e-type=\"column\">\n\t\t\t<div class=\"elementor-widget-wrap elementor-element-populated\">\n\t\t\t\t\t\t<div class=\"elementor-element elementor-element-01e7cbd flex-horizontal-align-default flex-horizontal-align-tablet-default flex-horizontal-align-mobile-default flex-vertical-align-default flex-vertical-align-tablet-default flex-vertical-align-mobile-default elementor-widget elementor-widget-heading\" data-id=\"01e7cbd\" data-element_type=\"widget\" data-e-type=\"widget\" data-widget_type=\"heading.default\">\n\t\t\t\t<div class=\"elementor-widget-container\">\n\t\t\t\t\t<h2 class=\"elementor-heading-title elementor-size-default\">Comment aider l'Ukraine<\/h2>\t\t\t\t<\/div>\n\t\t\t\t<\/div>\n\t\t\t\t<div class=\"elementor-element elementor-element-c3e3787 flex-horizontal-align-default flex-horizontal-align-tablet-default flex-horizontal-align-mobile-default flex-vertical-align-default flex-vertical-align-tablet-default flex-vertical-align-mobile-default elementor-widget elementor-widget-text-editor\" data-id=\"c3e3787\" data-element_type=\"widget\" data-e-type=\"widget\" data-widget_type=\"text-editor.default\">\n\t\t\t\t<div class=\"elementor-widget-container\">\n\t\t\t\t\t\t\t\t\t\t\t\t<div class=\"elementor-text-editor elementor-clearfix\">\r\n\t\t\t\t\t\tVous pouvez soutenir la communaut\u00e9 Ukrainienne au niveau local en ces temps difficiles :\t\t\t\t\t\t\t<\/div>\r\n\t\t\t\t\t\t\t\t\t\t<\/div>\n\t\t\t\t<\/div>\n\t\t\t\t<div class=\"elementor-element elementor-element-d8b4a0c flex-horizontal-align-default flex-horizontal-align-tablet-default flex-horizontal-align-mobile-default flex-vertical-align-default flex-vertical-align-tablet-default flex-vertical-align-mobile-default elementor-widget elementor-widget-text-editor\" data-id=\"d8b4a0c\" data-element_type=\"widget\" data-e-type=\"widget\" data-widget_type=\"text-editor.default\">\n\t\t\t\t<div class=\"elementor-widget-container\">\n\t\t\t\t\t\t\t\t\t\t\t\t<div class=\"elementor-text-editor elementor-clearfix\">\r\n\t\t\t\t\t\t<ul>\r\n \t<li><a href=\"https:\/\/m.facebook.com\/UkrainianCommunityofFredericton\">Mises \u00e0 jour locales &#8211; Ukrainian Community of Fredericton<\/a><\/li>\r\n \t<li><a href=\"https:\/\/www.international.gc.ca\/world-monde\/issues_development-enjeux_developpement\/response_conflict-reponse_conflits\/crisis-crises\/ukraine.aspx?lang=fra\">Gouvernement du Canada &#8211; La r\u00e9ponse du Canada \u00e0 l\u2019invasion russe de l\u2019Ukraine<\/a><\/li>\r\n<\/ul>\t\t\t\t\t\t\t<\/div>\r\n\t\t\t\t\t\t\t\t\t\t<\/div>\n\t\t\t\t<\/div>\n\t\t\t\t<div class=\"elementor-element elementor-element-0dd00e9 flex-horizontal-align-default flex-horizontal-align-tablet-default flex-horizontal-align-mobile-default flex-vertical-align-default flex-vertical-align-tablet-default flex-vertical-align-mobile-default elementor-widget elementor-widget-heading\" data-id=\"0dd00e9\" data-element_type=\"widget\" data-e-type=\"widget\" data-widget_type=\"heading.default\">\n\t\t\t\t<div class=\"elementor-widget-container\">\n\t\t\t\t\t<h2 class=\"elementor-heading-title elementor-size-default\">Faire un don :<\/h2>\t\t\t\t<\/div>\n\t\t\t\t<\/div>\n\t\t\t\t<div class=\"elementor-element elementor-element-23243d8 flex-horizontal-align-default flex-horizontal-align-tablet-default flex-horizontal-align-mobile-default flex-vertical-align-default flex-vertical-align-tablet-default flex-vertical-align-mobile-default elementor-widget elementor-widget-text-editor\" data-id=\"23243d8\" data-element_type=\"widget\" data-e-type=\"widget\" data-widget_type=\"text-editor.default\">\n\t\t\t\t<div class=\"elementor-widget-container\">\n\t\t\t\t\t\t\t\t\t\t\t\t<div class=\"elementor-text-editor elementor-clearfix\">\r\n\t\t\t\t\t\t<strong>Faire un don au Fonds de soutien de la communaut\u00e9 ukrainienne pour soutenir les ressortissants ukrainiens et leurs familles qui s&#8217;installent dans la grande r\u00e9gion de Fredericton :<\/strong>\t\t\t\t\t\t\t<\/div>\r\n\t\t\t\t\t\t\t\t\t\t<\/div>\n\t\t\t\t<\/div>\n\t\t\t\t<div class=\"elementor-element elementor-element-c48b549 flex-horizontal-align-default flex-horizontal-align-tablet-default flex-horizontal-align-mobile-default flex-vertical-align-default flex-vertical-align-tablet-default flex-vertical-align-mobile-default elementor-widget elementor-widget-text-editor\" data-id=\"c48b549\" data-element_type=\"widget\" data-e-type=\"widget\" data-widget_type=\"text-editor.default\">\n\t\t\t\t<div class=\"elementor-widget-container\">\n\t\t\t\t\t\t\t\t\t\t\t\t<div class=\"elementor-text-editor elementor-clearfix\">\r\n\t\t\t\t\t\t<p><strong><em>Par la Fondation communautaire de Fredericton<br \/><\/em><\/strong><a href=\"https:\/\/www.fredfdn.ca\/ukrainian-community-support\" target=\"_blank\" rel=\"noopener\">https:\/\/www.fredfdn.ca\/ukrainian-community-support<\/a><strong><br \/><\/strong><\/p>\t\t\t\t\t\t\t<\/div>\r\n\t\t\t\t\t\t\t\t\t\t<\/div>\n\t\t\t\t<\/div>\n\t\t\t\t<div class=\"elementor-element elementor-element-c62704a flex-horizontal-align-default flex-horizontal-align-tablet-default flex-horizontal-align-mobile-default flex-vertical-align-default flex-vertical-align-tablet-default flex-vertical-align-mobile-default elementor-widget elementor-widget-text-editor\" data-id=\"c62704a\" data-element_type=\"widget\" data-e-type=\"widget\" data-widget_type=\"text-editor.default\">\n\t\t\t\t<div class=\"elementor-widget-container\">\n\t\t\t\t\t\t\t\t\t\t\t\t<div class=\"elementor-text-editor elementor-clearfix\">\r\n\t\t\t\t\t\t<p><strong><em>Par e-transfer \u00e0 l&#8217;AMCF (Un re\u00e7us officiels de dons n\u2019est PAS disponible) :<br \/><\/em><\/strong>\u00e0 <a href=\"mailto:accounting@mcaf.nb.ca\" target=\"_blank\" rel=\"noopener\">accounting@mcaf.nb.ca<\/a><br \/>Dans la section message, veuillez taper &#8220;Ukrainian Community Fund&#8221; et vos informations de contact.<\/p>\t\t\t\t\t\t\t<\/div>\r\n\t\t\t\t\t\t\t\t\t\t<\/div>\n\t\t\t\t<\/div>\n\t\t\t\t<div class=\"elementor-element elementor-element-5e351f8 flex-horizontal-align-default flex-horizontal-align-tablet-default flex-horizontal-align-mobile-default flex-vertical-align-default flex-vertical-align-tablet-default flex-vertical-align-mobile-default elementor-widget elementor-widget-text-editor\" data-id=\"5e351f8\" data-element_type=\"widget\" data-e-type=\"widget\" data-widget_type=\"text-editor.default\">\n\t\t\t\t<div class=\"elementor-widget-container\">\n\t\t\t\t\t\t\t\t\t\t\t\t<div class=\"elementor-text-editor elementor-clearfix\">\r\n\t\t\t\t\t\t<p><strong><em>en argent comptant ou par ch\u00e8que :<br \/><\/em><\/strong>\u00e0 envoyer par la poste ou \u00e0 d\u00e9poser \u00e0 :<br \/>Association multiculturelle de Fredericton Inc.<br \/>rue 28 Saunders<br \/>Fredericton Nouveau-Brunswick<br \/>Canada E3B 1N1<br \/>T\u00e9l. : (506) 454-8292\u00a0<\/p>\t\t\t\t\t\t\t<\/div>\r\n\t\t\t\t\t\t\t\t\t\t<\/div>\n\t\t\t\t<\/div>\n\t\t\t\t<div class=\"elementor-element elementor-element-22265b8 elementor-widget-divider--view-line flex-horizontal-align-default flex-horizontal-align-tablet-default flex-horizontal-align-mobile-default flex-vertical-align-default flex-vertical-align-tablet-default flex-vertical-align-mobile-default elementor-widget elementor-widget-divider\" data-id=\"22265b8\" data-element_type=\"widget\" data-e-type=\"widget\" data-widget_type=\"divider.default\">\n\t\t\t\t<div class=\"elementor-widget-container\">\n\t\t\t\t\t\t\t<div class=\"elementor-divider\">\n\t\t\t<span class=\"elementor-divider-separator\">\n\t\t\t\t\t\t<\/span>\n\t\t<\/div>\n\t\t\t\t\t\t<\/div>\n\t\t\t\t<\/div>\n\t\t\t\t<div class=\"elementor-element elementor-element-a436701 flex-horizontal-align-default flex-horizontal-align-tablet-default flex-horizontal-align-mobile-default flex-vertical-align-default flex-vertical-align-tablet-default flex-vertical-align-mobile-default elementor-widget elementor-widget-text-editor\" data-id=\"a436701\" data-element_type=\"widget\" data-e-type=\"widget\" data-widget_type=\"text-editor.default\">\n\t\t\t\t<div class=\"elementor-widget-container\">\n\t\t\t\t\t\t\t\t\t\t\t\t<div class=\"elementor-text-editor elementor-clearfix\">\r\n\t\t\t\t\t\t<strong>Faire un don par une organisation canadienne :<\/strong>\r\n<ul>\r\n \t<li><a href=\"https:\/\/donnez.croixrouge.ca\/page\/100227\/donate\/1?utm_source=google&amp;utm_medium=cpc&amp;utm_campaign=%28EN%29+Emergencies+-+Ukraine+Humanitarian+Crisis+Appeal&amp;gclid=CjwKCAjw8sCRBhA6EiwA6_IF4SHHOKA_uYnt-8YJlGtLP8Io9CeAyeV1GJ2pvjokruvhe3be-NJT6xoCVwwQAvD_BwE&amp;locale=fr-CA&amp;_ga=2.124037698.994190720.1660569140-1621413443.1660569140&amp;_gac=1.185812571.1660569140.CjwKCAjw8sCRBhA6EiwA6_IF4SHHOKA_uYnt-8YJlGtLP8Io9CeAyeV1GJ2pvjokruvhe3be-NJT6xoCVwwQAvD_BwE\">Croix-Rouge canadienne &#8211; Fonds de secours : Crise humanitaire en Ukraine<\/a><\/li>\r\n \t<li><a href=\"https:\/\/give.unhcr.ca\/page\/100190\/donate\/1?ea.tracking.id=SEM22_EUR&amp;utm_source=google&amp;utm_medium=cpc&amp;utm_campaign=CA_PS_EN_UA&amp;gclid=CjwKCAjw8sCRBhA6EiwA6_IF4QDnAiB7C1IyHy_FYvENAnoXSSAqSpCKra4mxp0QucV4EKUV1QsfOBoCfjwQAvD_BwE&amp;gclsrc=aw.ds\" target=\"_blank\" rel=\"noopener\">UNHCR Canada &#8211; Ukraine Emergency<\/a><\/li>\r\n \t<li><a href=\"https:\/\/secure.unicef.ca\/page\/98643\/donate\/1\" target=\"_blank\" rel=\"noopener\">UNICEF Canada &#8211; Fonds d&#8217;urgence pour l&#8217;Ukraine<\/a><\/li>\r\n \t<li><a href=\"https:\/\/www.cufoundation.ca\/fr\/\" target=\"_blank\" rel=\"noopener\">Fondation Canada-Ukraine &#8211; l\u2019Appel Humanitaire Pour l&#8217;Ukraine<\/a><\/li>\r\n<\/ul>\t\t\t\t\t\t\t<\/div>\r\n\t\t\t\t\t\t\t\t\t\t<\/div>\n\t\t\t\t<\/div>\n\t\t\t\t<div class=\"elementor-element elementor-element-fcca7e6 flex-horizontal-align-default flex-horizontal-align-tablet-default flex-horizontal-align-mobile-default flex-vertical-align-default flex-vertical-align-tablet-default flex-vertical-align-mobile-default elementor-widget elementor-widget-text-editor\" data-id=\"fcca7e6\" data-element_type=\"widget\" data-e-type=\"widget\" data-widget_type=\"text-editor.default\">\n\t\t\t\t<div class=\"elementor-widget-container\">\n\t\t\t\t\t\t\t\t\t\t\t\t<div class=\"elementor-text-editor elementor-clearfix\">\r\n\t\t\t\t\t\tFaites un don directement \u00e0 des organisations en Ukraine :\r\n<ul>\r\n \t<li><a href=\"https:\/\/www.comebackalive.in.ua\/fr\">La Fondation Come Back Alive<\/a> &#8211; Une organisation qui soutient l&#8217;arm\u00e9e Ukrainienne et les v\u00e9t\u00e9rans<\/li>\r\n \t<li><a href=\"https:\/\/helpua.bank.gov.ua\/\">La Banque nationale d&#8217;Ukraine<\/a> &#8211; Compte sp\u00e9cial pour collecter des fonds pour .es Forces Arm\u00e9es Ukrainiennes<\/li>\r\n \t<li><a href=\"https:\/\/helpukraine.center\/\">CENTER<\/a> &#8211; Aide humanitaire et m\u00e9dicale \u00e0 l&#8217;Ukraine<\/li>\r\n<\/ul>\t\t\t\t\t\t\t<\/div>\r\n\t\t\t\t\t\t\t\t\t\t<\/div>\n\t\t\t\t<\/div>\n\t\t\t\t<div class=\"elementor-element elementor-element-a6ad736 flex-horizontal-align-default flex-horizontal-align-tablet-default flex-horizontal-align-mobile-default flex-vertical-align-default flex-vertical-align-tablet-default flex-vertical-align-mobile-default elementor-widget elementor-widget-heading\" data-id=\"a6ad736\" data-element_type=\"widget\" data-e-type=\"widget\" data-widget_type=\"heading.default\">\n\t\t\t\t<div class=\"elementor-widget-container\">\n\t\t\t\t\t<h2 class=\"elementor-heading-title elementor-size-default\">Devenir b\u00e9n\u00e9vole :<\/h2>\t\t\t\t<\/div>\n\t\t\t\t<\/div>\n\t\t\t\t<div class=\"elementor-element elementor-element-4f94d23 flex-horizontal-align-default flex-horizontal-align-tablet-default flex-horizontal-align-mobile-default flex-vertical-align-default flex-vertical-align-tablet-default flex-vertical-align-mobile-default elementor-widget elementor-widget-text-editor\" data-id=\"4f94d23\" data-element_type=\"widget\" data-e-type=\"widget\" data-widget_type=\"text-editor.default\">\n\t\t\t\t<div class=\"elementor-widget-container\">\n\t\t\t\t\t\t\t\t\t\t\t\t<div class=\"elementor-text-editor elementor-clearfix\">\r\n\t\t\t\t\t\tSoutenir les nouveaux arrivants ukrainiens en tant que b\u00e9n\u00e9vole pour des projets temporaires ou continus.\r\n<ul>\r\n \t<li><a href=\"https:\/\/mcaf.nb.ca\/fr\/devenir-benevole\/\" target=\"_blank\" rel=\"noopener noreferrer\">https:\/\/mcaf.nb.ca\/en\/become-a-volunteer-2\/<\/a><\/li>\r\n \t<li><a href=\"mailto:community-liaison@mcaf.nb.ca\" rel=\"noreferrer\">community-liaison@mcaf.nb.ca<\/a><\/li>\r\n<\/ul>\t\t\t\t\t\t\t<\/div>\r\n\t\t\t\t\t\t\t\t\t\t<\/div>\n\t\t\t\t<\/div>\n\t\t\t\t<div class=\"elementor-element elementor-element-59b94ed flex-horizontal-align-default flex-horizontal-align-tablet-default flex-horizontal-align-mobile-default flex-vertical-align-default flex-vertical-align-tablet-default flex-vertical-align-mobile-default elementor-widget elementor-widget-heading\" data-id=\"59b94ed\" data-element_type=\"widget\" data-e-type=\"widget\" data-widget_type=\"heading.default\">\n\t\t\t\t<div class=\"elementor-widget-container\">\n\t\t\t\t\t<h2 class=\"elementor-heading-title elementor-size-default\">Devenir un h\u00f4te<\/h2>\t\t\t\t<\/div>\n\t\t\t\t<\/div>\n\t\t\t\t<div class=\"elementor-element elementor-element-60380bc flex-horizontal-align-default flex-horizontal-align-tablet-default flex-horizontal-align-mobile-default flex-vertical-align-default flex-vertical-align-tablet-default flex-vertical-align-mobile-default elementor-widget elementor-widget-text-editor\" data-id=\"60380bc\" data-element_type=\"widget\" data-e-type=\"widget\" data-widget_type=\"text-editor.default\">\n\t\t\t\t<div class=\"elementor-widget-container\">\n\t\t\t\t\t\t\t\t\t\t\t\t<div class=\"elementor-text-editor elementor-clearfix\">\r\n\t\t\t\t\t\t<div>\r\n<p class=\"gmail-m-4907946771613903993msoplaintext\">\u00cates-vous int\u00e9ress\u00e9 \u00e0 aider \u00e0 l&#8217;h\u00e9bergement ? Vous pouvez vous inscrire pour fournir un logement aux Ukrainiens ici :<\/p>\r\n\r\n<\/div>\r\n<ul>\r\n \t<li><a href=\"https:\/\/www.ukrainetakeshelter.com\/?fbclid=IwAR049wYkpnqoyEvF20UNYg0ibIQpM4DUpmoCPtAaw2TECmhvz1BYHsV3J-8\">Logement pour les familles ukrainiennes qui arrivent au Canada<\/a><\/li>\r\n<\/ul>\t\t\t\t\t\t\t<\/div>\r\n\t\t\t\t\t\t\t\t\t\t<\/div>\n\t\t\t\t<\/div>\n\t\t\t\t<div class=\"elementor-element elementor-element-49920f0 flex-horizontal-align-default flex-horizontal-align-tablet-default flex-horizontal-align-mobile-default flex-vertical-align-default flex-vertical-align-tablet-default flex-vertical-align-mobile-default elementor-widget elementor-widget-spacer\" data-id=\"49920f0\" data-element_type=\"widget\" data-e-type=\"widget\" data-widget_type=\"spacer.default\">\n\t\t\t\t<div class=\"elementor-widget-container\">\n\t\t\t\t\t\t\t<div class=\"elementor-spacer\">\n\t\t\t<div class=\"elementor-spacer-inner\"><\/div>\n\t\t<\/div>\n\t\t\t\t\t\t<\/div>\n\t\t\t\t<\/div>\n\t\t\t\t\t<\/div>\n\t\t<\/div>\n\t\t\t\t\t<\/div><\/div>\r\n\t\t<\/section>\r\n\t\t\t\t<\/div>\n\t\t","protected":false},"excerpt":{"rendered":"<p>Comment aider l&#8217;Ukraine Vous pouvez soutenir la communaut\u00e9 Ukrainienne au niveau local en ces temps difficiles : Mises \u00e0 jour&#8230;<\/p>\n","protected":false},"author":5,"featured_media":0,"parent":0,"menu_order":0,"comment_status":"closed","ping_status":"closed","template":"page-fullwidth.php","meta":{"inline_featured_image":false,"footnotes":""},"class_list":["post-11626","page","type-page","status-publish"],"aioseo_notices":[],"_links":{"self":[{"href":"https:\/\/mcaf.nb.ca\/fr\/wp-json\/wp\/v2\/pages\/11626","targetHints":{"allow":["GET"]}}],"collection":[{"href":"https:\/\/mcaf.nb.ca\/fr\/wp-json\/wp\/v2\/pages"}],"about":[{"href":"https:\/\/mcaf.nb.ca\/fr\/wp-json\/wp\/v2\/types\/page"}],"author":[{"embeddable":true,"href":"https:\/\/mcaf.nb.ca\/fr\/wp-json\/wp\/v2\/users\/5"}],"replies":[{"embeddable":true,"href":"https:\/\/mcaf.nb.ca\/fr\/wp-json\/wp\/v2\/comments?post=11626"}],"version-history":[{"count":13,"href":"https:\/\/mcaf.nb.ca\/fr\/wp-json\/wp\/v2\/pages\/11626\/revisions"}],"predecessor-version":[{"id":12353,"href":"https:\/\/mcaf.nb.ca\/fr\/wp-json\/wp\/v2\/pages\/11626\/revisions\/12353"}],"wp:attachment":[{"href":"https:\/\/mcaf.nb.ca\/fr\/wp-json\/wp\/v2\/media?parent=11626"}],"curies":[{"name":"wp","href":"https:\/\/api.w.org\/{rel}","templated":true}]}}