{"id":3969,"date":"2019-03-18T19:01:28","date_gmt":"2019-03-18T22:01:28","guid":{"rendered":"http:\/\/mcaf-fredericton.com\/conseil-dadministration\/"},"modified":"2025-11-06T16:57:15","modified_gmt":"2025-11-06T20:57:15","slug":"conseil-dadministration","status":"publish","type":"page","link":"https:\/\/mcaf.nb.ca\/fr\/conseil-dadministration\/","title":{"rendered":"Conseil d&#8217;administration"},"content":{"rendered":"\t\t<div data-elementor-type=\"wp-post\" data-elementor-id=\"3969\" class=\"elementor elementor-3969 elementor-1641\" data-elementor-post-type=\"page\">\n\t\t\t\t\t\t<section class=\"elementor-section elementor-top-section elementor-element elementor-element-22f32f5a elementor-section-height-min-height elementor-section-content-middle elementor-section-boxed elementor-section-height-default elementor-section-items-middle\" data-id=\"22f32f5a\" data-element_type=\"section\" data-e-type=\"section\" data-settings=\"{&quot;background_background&quot;:&quot;gradient&quot;}\">\r\n\t\t\t\t\t\t\t<div class=\"elementor-background-overlay\"><\/div>\r\n\t\t\t\t\t\t\t<div class=\"elementor-container elementor-column-gap-no\"><div class=\"elementor-row\">\r\n\t\t\t\t\t<div class=\"elementor-column elementor-col-100 elementor-top-column elementor-element elementor-element-5fb6c356\" data-id=\"5fb6c356\" data-element_type=\"column\" data-e-type=\"column\">\n\t\t\t<div class=\"elementor-widget-wrap elementor-element-populated\">\n\t\t\t\t\t\t<div class=\"elementor-element elementor-element-57e4e45 flex-horizontal-align-default flex-horizontal-align-tablet-default flex-horizontal-align-mobile-default flex-vertical-align-default flex-vertical-align-tablet-default flex-vertical-align-mobile-default elementor-widget elementor-widget-heading\" data-id=\"57e4e45\" data-element_type=\"widget\" data-e-type=\"widget\" data-widget_type=\"heading.default\">\n\t\t\t\t<div class=\"elementor-widget-container\">\n\t\t\t\t\t<h2 class=\"elementor-heading-title elementor-size-default\">2025 \u2013 2026<\/h2>\t\t\t\t<\/div>\n\t\t\t\t<\/div>\n\t\t\t\t<div class=\"elementor-element elementor-element-b7c53e6 flex-horizontal-align-default flex-horizontal-align-tablet-default flex-horizontal-align-mobile-default flex-vertical-align-default flex-vertical-align-tablet-default flex-vertical-align-mobile-default elementor-widget elementor-widget-heading\" data-id=\"b7c53e6\" data-element_type=\"widget\" data-e-type=\"widget\" data-widget_type=\"heading.default\">\n\t\t\t\t<div class=\"elementor-widget-container\">\n\t\t\t\t\t<h2 class=\"elementor-heading-title elementor-size-default\">Conseil d'administration<\/h2>\t\t\t\t<\/div>\n\t\t\t\t<\/div>\n\t\t\t\t<section class=\"elementor-section elementor-inner-section elementor-element elementor-element-25898c31 elementor-section-boxed elementor-section-height-default elementor-section-height-default\" data-id=\"25898c31\" data-element_type=\"section\" data-e-type=\"section\">\r\n\t\t\t\t\t\t<div class=\"elementor-container elementor-column-gap-thegem\"><div class=\"elementor-row\">\r\n\t\t\t\t\t<div class=\"elementor-column elementor-col-33 elementor-inner-column elementor-element elementor-element-1b4d7301\" data-id=\"1b4d7301\" data-element_type=\"column\" data-e-type=\"column\">\n\t\t\t<div class=\"elementor-widget-wrap elementor-element-populated\">\n\t\t\t\t\t\t<div class=\"elementor-element elementor-element-97521fe elementor-position-top flex-horizontal-align-default flex-horizontal-align-tablet-default flex-horizontal-align-mobile-default flex-vertical-align-default flex-vertical-align-tablet-default flex-vertical-align-mobile-default elementor-widget elementor-widget-image-box\" data-id=\"97521fe\" data-element_type=\"widget\" data-e-type=\"widget\" data-widget_type=\"image-box.default\">\n\t\t\t\t<div class=\"elementor-widget-container\">\n\t\t\t\t\t<div class=\"elementor-image-box-wrapper\"><figure class=\"elementor-image-box-img\"><a href=\"https:\/\/mcaf.nb.ca\/wp-content\/uploads\/Bin-Zhang-F.png\" tabindex=\"-1\"><img fetchpriority=\"high\" width=\"279\" height=\"290\" src=\"https:\/\/mcaf.nb.ca\/wp-content\/uploads\/2018\/05\/BinZhang-2.jpg\" class=\"elementor-animation-shrink attachment-medium size-medium wp-image-3970\" alt=\"\" \/><\/a><\/figure><div class=\"elementor-image-box-content\"><h3 class=\"elementor-image-box-title\"><a href=\"https:\/\/mcaf.nb.ca\/wp-content\/uploads\/Bin-Zhang-F.png\">Bin Zhang, PhD<\/a><\/h3><p class=\"elementor-image-box-description\">Pr\u00e9sident<\/p><\/div><\/div>\t\t\t\t<\/div>\n\t\t\t\t<\/div>\n\t\t\t\t\t<\/div>\n\t\t<\/div>\n\t\t\t\t<div class=\"elementor-column elementor-col-33 elementor-inner-column elementor-element elementor-element-51d9f3ef\" data-id=\"51d9f3ef\" data-element_type=\"column\" data-e-type=\"column\">\n\t\t\t<div class=\"elementor-widget-wrap elementor-element-populated\">\n\t\t\t\t\t\t<div class=\"elementor-element elementor-element-20b9c7b0 elementor-position-top flex-horizontal-align-default flex-horizontal-align-tablet-default flex-horizontal-align-mobile-default flex-vertical-align-default flex-vertical-align-tablet-default flex-vertical-align-mobile-default elementor-widget elementor-widget-image-box\" data-id=\"20b9c7b0\" data-element_type=\"widget\" data-e-type=\"widget\" data-widget_type=\"image-box.default\">\n\t\t\t\t<div class=\"elementor-widget-container\">\n\t\t\t\t\t<div class=\"elementor-image-box-wrapper\"><figure class=\"elementor-image-box-img\"><a href=\"https:\/\/mcaf.nb.ca\/wp-content\/uploads\/Donna-f.jpg\" tabindex=\"-1\"><img width=\"300\" height=\"292\" src=\"https:\/\/mcaf.nb.ca\/wp-content\/uploads\/DonnaGordon3-300x292.jpg\" class=\"elementor-animation-shrink attachment-medium size-medium wp-image-6683\" alt=\"\" \/><\/a><\/figure><div class=\"elementor-image-box-content\"><h3 class=\"elementor-image-box-title\"><a href=\"https:\/\/mcaf.nb.ca\/wp-content\/uploads\/Donna-f.jpg\">Donna Gordon<\/a><\/h3><p class=\"elementor-image-box-description\">Premi\u00e8re vice-pr\u00e9sidente<\/p><\/div><\/div>\t\t\t\t<\/div>\n\t\t\t\t<\/div>\n\t\t\t\t\t<\/div>\n\t\t<\/div>\n\t\t\t\t<div class=\"elementor-column elementor-col-33 elementor-inner-column elementor-element elementor-element-1eb9082b\" data-id=\"1eb9082b\" data-element_type=\"column\" data-e-type=\"column\">\n\t\t\t<div class=\"elementor-widget-wrap elementor-element-populated\">\n\t\t\t\t\t\t<div class=\"elementor-element elementor-element-6c2d3905 elementor-position-top flex-horizontal-align-default flex-horizontal-align-tablet-default flex-horizontal-align-mobile-default flex-vertical-align-default flex-vertical-align-tablet-default flex-vertical-align-mobile-default elementor-widget elementor-widget-image-box\" data-id=\"6c2d3905\" data-element_type=\"widget\" data-e-type=\"widget\" data-widget_type=\"image-box.default\">\n\t\t\t\t<div class=\"elementor-widget-container\">\n\t\t\t\t\t<div class=\"elementor-image-box-wrapper\"><figure class=\"elementor-image-box-img\"><a href=\"https:\/\/mcaf.nb.ca\/wp-content\/uploads\/Theresa-Bartlett-Chase-f.png\" tabindex=\"-1\"><img width=\"279\" height=\"290\" src=\"https:\/\/mcaf.nb.ca\/wp-content\/uploads\/2018\/05\/Theresa-Bartlett-Chase1-2.jpg\" class=\"elementor-animation-shrink attachment-medium size-medium wp-image-3994\" alt=\"\" \/><\/a><\/figure><div class=\"elementor-image-box-content\"><h3 class=\"elementor-image-box-title\"><a href=\"https:\/\/mcaf.nb.ca\/wp-content\/uploads\/Theresa-Bartlett-Chase-f.png\">Theresa Bartlette-Chase<\/a><\/h3><p class=\"elementor-image-box-description\">Deuxi\u00e8me vice-pr\u00e9sidente<\/p><\/div><\/div>\t\t\t\t<\/div>\n\t\t\t\t<\/div>\n\t\t\t\t\t<\/div>\n\t\t<\/div>\n\t\t\t\t\t<\/div><\/div>\r\n\t\t<\/section>\r\n\t\t\t\t<section class=\"elementor-section elementor-inner-section elementor-element elementor-element-6dbb4a9 elementor-section-boxed elementor-section-height-default elementor-section-height-default\" data-id=\"6dbb4a9\" data-element_type=\"section\" data-e-type=\"section\">\r\n\t\t\t\t\t\t<div class=\"elementor-container elementor-column-gap-thegem\"><div class=\"elementor-row\">\r\n\t\t\t\t\t<div class=\"elementor-column elementor-col-33 elementor-inner-column elementor-element elementor-element-c816466\" data-id=\"c816466\" data-element_type=\"column\" data-e-type=\"column\">\n\t\t\t<div class=\"elementor-widget-wrap elementor-element-populated\">\n\t\t\t\t\t\t<div class=\"elementor-element elementor-element-d6b298f elementor-position-top flex-horizontal-align-default flex-horizontal-align-tablet-default flex-horizontal-align-mobile-default flex-vertical-align-default flex-vertical-align-tablet-default flex-vertical-align-mobile-default elementor-widget elementor-widget-image-box\" data-id=\"d6b298f\" data-element_type=\"widget\" data-e-type=\"widget\" data-widget_type=\"image-box.default\">\n\t\t\t\t<div class=\"elementor-widget-container\">\n\t\t\t\t\t<div class=\"elementor-image-box-wrapper\"><figure class=\"elementor-image-box-img\"><a href=\"https:\/\/mcaf.nb.ca\/wp-content\/uploads\/Manisha-Varma-f.png\" tabindex=\"-1\"><img loading=\"lazy\" width=\"246\" height=\"300\" src=\"https:\/\/mcaf.nb.ca\/wp-content\/uploads\/Manisha-Varma-2-246x300.jpg\" class=\"elementor-animation-shrink attachment-medium size-medium wp-image-21711\" alt=\"\" srcset=\"https:\/\/mcaf.nb.ca\/wp-content\/uploads\/Manisha-Varma-2-246x300.jpg 246w, https:\/\/mcaf.nb.ca\/wp-content\/uploads\/Manisha-Varma-2.jpg 404w\" sizes=\"(max-width: 246px) 100vw, 246px\" \/><\/a><\/figure><div class=\"elementor-image-box-content\"><h3 class=\"elementor-image-box-title\"><a href=\"https:\/\/mcaf.nb.ca\/wp-content\/uploads\/Manisha-Varma-f.png\">Manisha varma<\/a><\/h3><p class=\"elementor-image-box-description\">Secr\u00e9taire<\/p><\/div><\/div>\t\t\t\t<\/div>\n\t\t\t\t<\/div>\n\t\t\t\t\t<\/div>\n\t\t<\/div>\n\t\t\t\t<div class=\"elementor-column elementor-col-33 elementor-inner-column elementor-element elementor-element-b7cb2d3\" data-id=\"b7cb2d3\" data-element_type=\"column\" data-e-type=\"column\">\n\t\t\t<div class=\"elementor-widget-wrap elementor-element-populated\">\n\t\t\t\t\t\t<div class=\"elementor-element elementor-element-2d12d28a elementor-position-top flex-horizontal-align-default flex-horizontal-align-tablet-default flex-horizontal-align-mobile-default flex-vertical-align-default flex-vertical-align-tablet-default flex-vertical-align-mobile-default elementor-widget elementor-widget-image-box\" data-id=\"2d12d28a\" data-element_type=\"widget\" data-e-type=\"widget\" data-widget_type=\"image-box.default\">\n\t\t\t\t<div class=\"elementor-widget-container\">\n\t\t\t\t\t<div class=\"elementor-image-box-wrapper\"><figure class=\"elementor-image-box-img\"><a href=\"https:\/\/mcaf.nb.ca\/wp-content\/uploads\/Sandy-Liu-f.png\" tabindex=\"-1\"><img loading=\"lazy\" width=\"224\" height=\"300\" src=\"https:\/\/mcaf.nb.ca\/wp-content\/uploads\/Sandys-new-photo-224x300.jpg\" class=\"elementor-animation-shrink attachment-medium size-medium wp-image-21704\" alt=\"\" srcset=\"https:\/\/mcaf.nb.ca\/wp-content\/uploads\/Sandys-new-photo-224x300.jpg 224w, https:\/\/mcaf.nb.ca\/wp-content\/uploads\/Sandys-new-photo-766x1024.jpg 766w, https:\/\/mcaf.nb.ca\/wp-content\/uploads\/Sandys-new-photo-768x1027.jpg 768w, https:\/\/mcaf.nb.ca\/wp-content\/uploads\/Sandys-new-photo-1149x1536.jpg 1149w, https:\/\/mcaf.nb.ca\/wp-content\/uploads\/Sandys-new-photo-1532x2048.jpg 1532w, https:\/\/mcaf.nb.ca\/wp-content\/uploads\/Sandys-new-photo-scaled.jpg 1914w\" sizes=\"(max-width: 224px) 100vw, 224px\" \/><\/a><\/figure><div class=\"elementor-image-box-content\"><h3 class=\"elementor-image-box-title\"><a href=\"https:\/\/mcaf.nb.ca\/wp-content\/uploads\/Sandy-Liu-f.png\">Sandy Liu<\/a><\/h3><p class=\"elementor-image-box-description\">Ancienne Pr\u00e9sidente<\/p><\/div><\/div>\t\t\t\t<\/div>\n\t\t\t\t<\/div>\n\t\t\t\t\t<\/div>\n\t\t<\/div>\n\t\t\t\t<div class=\"elementor-column elementor-col-33 elementor-inner-column elementor-element elementor-element-907fb9b\" data-id=\"907fb9b\" data-element_type=\"column\" data-e-type=\"column\">\n\t\t\t<div class=\"elementor-widget-wrap elementor-element-populated\">\n\t\t\t\t\t\t<div class=\"elementor-element elementor-element-2f70e55 elementor-position-top flex-horizontal-align-default flex-horizontal-align-tablet-default flex-horizontal-align-mobile-default flex-vertical-align-default flex-vertical-align-tablet-default flex-vertical-align-mobile-default elementor-widget elementor-widget-image-box\" data-id=\"2f70e55\" data-element_type=\"widget\" data-e-type=\"widget\" data-widget_type=\"image-box.default\">\n\t\t\t\t<div class=\"elementor-widget-container\">\n\t\t\t\t\t<div class=\"elementor-image-box-wrapper\"><figure class=\"elementor-image-box-img\"><a href=\"https:\/\/mcaf.nb.ca\/wp-content\/uploads\/Prashamsa-GC-f.png\" tabindex=\"-1\"><img loading=\"lazy\" width=\"300\" height=\"300\" src=\"https:\/\/mcaf.nb.ca\/wp-content\/uploads\/Prashamsa-GC.png\" class=\"elementor-animation-shrink attachment-medium size-medium wp-image-21738\" alt=\"\" srcset=\"https:\/\/mcaf.nb.ca\/wp-content\/uploads\/Prashamsa-GC.png 300w, https:\/\/mcaf.nb.ca\/wp-content\/uploads\/Prashamsa-GC-150x150.png 150w, https:\/\/mcaf.nb.ca\/wp-content\/uploads\/Prashamsa-GC-256x256.png 256w\" sizes=\"(max-width: 300px) 100vw, 300px\" \/><\/a><\/figure><div class=\"elementor-image-box-content\"><h3 class=\"elementor-image-box-title\"><a href=\"https:\/\/mcaf.nb.ca\/wp-content\/uploads\/Prashamsa-GC-f.png\">Prashamsa G.C. <\/a><\/h3><p class=\"elementor-image-box-description\">Tr\u00e9sori\u00e8re<\/p><\/div><\/div>\t\t\t\t<\/div>\n\t\t\t\t<\/div>\n\t\t\t\t\t<\/div>\n\t\t<\/div>\n\t\t\t\t\t<\/div><\/div>\r\n\t\t<\/section>\r\n\t\t\t\t<section class=\"elementor-section elementor-inner-section elementor-element elementor-element-a2e411c elementor-section-boxed elementor-section-height-default elementor-section-height-default\" data-id=\"a2e411c\" data-element_type=\"section\" data-e-type=\"section\">\r\n\t\t\t\t\t\t<div class=\"elementor-container elementor-column-gap-thegem\"><div class=\"elementor-row\">\r\n\t\t\t\t\t<div class=\"elementor-column elementor-col-33 elementor-inner-column elementor-element elementor-element-2790c46\" data-id=\"2790c46\" data-element_type=\"column\" data-e-type=\"column\">\n\t\t\t<div class=\"elementor-widget-wrap\">\n\t\t\t\t\t\t\t<\/div>\n\t\t<\/div>\n\t\t\t\t<div class=\"elementor-column elementor-col-33 elementor-inner-column elementor-element elementor-element-0f0f3cc\" data-id=\"0f0f3cc\" data-element_type=\"column\" data-e-type=\"column\">\n\t\t\t<div class=\"elementor-widget-wrap\">\n\t\t\t\t\t\t\t<\/div>\n\t\t<\/div>\n\t\t\t\t<div class=\"elementor-column elementor-col-33 elementor-inner-column elementor-element elementor-element-1d7cc45\" data-id=\"1d7cc45\" data-element_type=\"column\" data-e-type=\"column\">\n\t\t\t<div class=\"elementor-widget-wrap\">\n\t\t\t\t\t\t\t<\/div>\n\t\t<\/div>\n\t\t\t\t\t<\/div><\/div>\r\n\t\t<\/section>\r\n\t\t\t\t<section class=\"elementor-section elementor-inner-section elementor-element elementor-element-e0697ee elementor-section-boxed elementor-section-height-default elementor-section-height-default\" data-id=\"e0697ee\" data-element_type=\"section\" data-e-type=\"section\">\r\n\t\t\t\t\t\t<div class=\"elementor-container elementor-column-gap-thegem\"><div class=\"elementor-row\">\r\n\t\t\t\t\t<div class=\"elementor-column elementor-col-33 elementor-inner-column elementor-element elementor-element-58a10df\" data-id=\"58a10df\" data-element_type=\"column\" data-e-type=\"column\">\n\t\t\t<div class=\"elementor-widget-wrap elementor-element-populated\">\n\t\t\t\t\t\t<div class=\"elementor-element elementor-element-d972826 elementor-position-top flex-horizontal-align-default flex-horizontal-align-tablet-default flex-horizontal-align-mobile-default flex-vertical-align-default flex-vertical-align-tablet-default flex-vertical-align-mobile-default elementor-widget elementor-widget-image-box\" data-id=\"d972826\" data-element_type=\"widget\" data-e-type=\"widget\" data-widget_type=\"image-box.default\">\n\t\t\t\t<div class=\"elementor-widget-container\">\n\t\t\t\t\t<div class=\"elementor-image-box-wrapper\"><figure class=\"elementor-image-box-img\"><a href=\"https:\/\/mcaf.nb.ca\/wp-content\/uploads\/Bhaumick-Pabari-f.png\" tabindex=\"-1\"><img loading=\"lazy\" width=\"300\" height=\"300\" src=\"https:\/\/mcaf.nb.ca\/wp-content\/uploads\/Bhaumick-Pabari.png\" class=\"elementor-animation-shrink attachment-medium size-medium wp-image-21732\" alt=\"\" srcset=\"https:\/\/mcaf.nb.ca\/wp-content\/uploads\/Bhaumick-Pabari.png 300w, https:\/\/mcaf.nb.ca\/wp-content\/uploads\/Bhaumick-Pabari-150x150.png 150w, https:\/\/mcaf.nb.ca\/wp-content\/uploads\/Bhaumick-Pabari-256x256.png 256w\" sizes=\"(max-width: 300px) 100vw, 300px\" \/><\/a><\/figure><div class=\"elementor-image-box-content\"><h3 class=\"elementor-image-box-title\"><a href=\"https:\/\/mcaf.nb.ca\/wp-content\/uploads\/Bhaumick-Pabari-f.png\">Bhaumick Pabari<\/a><\/h3><p class=\"elementor-image-box-description\">Directeur<\/p><\/div><\/div>\t\t\t\t<\/div>\n\t\t\t\t<\/div>\n\t\t\t\t\t<\/div>\n\t\t<\/div>\n\t\t\t\t<div class=\"elementor-column elementor-col-33 elementor-inner-column elementor-element elementor-element-275ce40\" data-id=\"275ce40\" data-element_type=\"column\" data-e-type=\"column\">\n\t\t\t<div class=\"elementor-widget-wrap elementor-element-populated\">\n\t\t\t\t\t\t<div class=\"elementor-element elementor-element-ca93d8d elementor-position-top flex-horizontal-align-default flex-horizontal-align-tablet-default flex-horizontal-align-mobile-default flex-vertical-align-default flex-vertical-align-tablet-default flex-vertical-align-mobile-default elementor-widget elementor-widget-image-box\" data-id=\"ca93d8d\" data-element_type=\"widget\" data-e-type=\"widget\" data-widget_type=\"image-box.default\">\n\t\t\t\t<div class=\"elementor-widget-container\">\n\t\t\t\t\t<div class=\"elementor-image-box-wrapper\"><figure class=\"elementor-image-box-img\"><a href=\"https:\/\/mcaf.nb.ca\/wp-content\/uploads\/Subi-f.jpg\" tabindex=\"-1\"><img loading=\"lazy\" width=\"300\" height=\"300\" src=\"https:\/\/mcaf.nb.ca\/wp-content\/uploads\/3-2-300x300.png\" class=\"elementor-animation-shrink attachment-medium size-medium wp-image-12458\" alt=\"\" srcset=\"https:\/\/mcaf.nb.ca\/wp-content\/uploads\/3-2-300x300.png 300w, https:\/\/mcaf.nb.ca\/wp-content\/uploads\/3-2-150x150.png 150w, https:\/\/mcaf.nb.ca\/wp-content\/uploads\/3-2-768x768.png 768w, https:\/\/mcaf.nb.ca\/wp-content\/uploads\/3-2-256x256.png 256w, https:\/\/mcaf.nb.ca\/wp-content\/uploads\/3-2.png 810w\" sizes=\"(max-width: 300px) 100vw, 300px\" \/><\/a><\/figure><div class=\"elementor-image-box-content\"><h3 class=\"elementor-image-box-title\"><a href=\"https:\/\/mcaf.nb.ca\/wp-content\/uploads\/Subi-f.jpg\">Subi Adhikari<\/a><\/h3><p class=\"elementor-image-box-description\">Directrice<\/p><\/div><\/div>\t\t\t\t<\/div>\n\t\t\t\t<\/div>\n\t\t\t\t\t<\/div>\n\t\t<\/div>\n\t\t\t\t<div class=\"elementor-column elementor-col-33 elementor-inner-column elementor-element elementor-element-bd42758\" data-id=\"bd42758\" data-element_type=\"column\" data-e-type=\"column\">\n\t\t\t<div class=\"elementor-widget-wrap elementor-element-populated\">\n\t\t\t\t\t\t<div class=\"elementor-element elementor-element-9904f2e elementor-position-top flex-horizontal-align-default flex-horizontal-align-tablet-default flex-horizontal-align-mobile-default flex-vertical-align-default flex-vertical-align-tablet-default flex-vertical-align-mobile-default elementor-widget elementor-widget-image-box\" data-id=\"9904f2e\" data-element_type=\"widget\" data-e-type=\"widget\" data-widget_type=\"image-box.default\">\n\t\t\t\t<div class=\"elementor-widget-container\">\n\t\t\t\t\t<div class=\"elementor-image-box-wrapper\"><figure class=\"elementor-image-box-img\"><a href=\"https:\/\/mcaf.nb.ca\/wp-content\/uploads\/Luowei-H-Xu-f.png\" tabindex=\"-1\"><img loading=\"lazy\" width=\"300\" height=\"300\" src=\"https:\/\/mcaf.nb.ca\/wp-content\/uploads\/Luowei-Xu-300x300.jpg\" class=\"elementor-animation-shrink attachment-medium size-medium wp-image-14906\" alt=\"\" srcset=\"https:\/\/mcaf.nb.ca\/wp-content\/uploads\/Luowei-Xu-300x300.jpg 300w, https:\/\/mcaf.nb.ca\/wp-content\/uploads\/Luowei-Xu-150x150.jpg 150w, https:\/\/mcaf.nb.ca\/wp-content\/uploads\/Luowei-Xu-256x256.jpg 256w, https:\/\/mcaf.nb.ca\/wp-content\/uploads\/Luowei-Xu.jpg 720w\" sizes=\"(max-width: 300px) 100vw, 300px\" \/><\/a><\/figure><div class=\"elementor-image-box-content\"><h3 class=\"elementor-image-box-title\"><a href=\"https:\/\/mcaf.nb.ca\/wp-content\/uploads\/Luowei-H-Xu-f.png\">Luowei h. Xu<\/a><\/h3><p class=\"elementor-image-box-description\">Directeur<\/p><\/div><\/div>\t\t\t\t<\/div>\n\t\t\t\t<\/div>\n\t\t\t\t\t<\/div>\n\t\t<\/div>\n\t\t\t\t\t<\/div><\/div>\r\n\t\t<\/section>\r\n\t\t\t\t<section class=\"elementor-section elementor-inner-section elementor-element elementor-element-b78b41a elementor-section-boxed elementor-section-height-default elementor-section-height-default\" data-id=\"b78b41a\" data-element_type=\"section\" data-e-type=\"section\">\r\n\t\t\t\t\t\t<div class=\"elementor-container elementor-column-gap-thegem\"><div class=\"elementor-row\">\r\n\t\t\t\t\t<div class=\"elementor-column elementor-col-33 elementor-inner-column elementor-element elementor-element-8d730fa\" data-id=\"8d730fa\" data-element_type=\"column\" data-e-type=\"column\">\n\t\t\t<div class=\"elementor-widget-wrap elementor-element-populated\">\n\t\t\t\t\t\t<div class=\"elementor-element elementor-element-9d2a3eb elementor-position-top flex-horizontal-align-default flex-horizontal-align-tablet-default flex-horizontal-align-mobile-default flex-vertical-align-default flex-vertical-align-tablet-default flex-vertical-align-mobile-default elementor-widget elementor-widget-image-box\" data-id=\"9d2a3eb\" data-element_type=\"widget\" data-e-type=\"widget\" data-widget_type=\"image-box.default\">\n\t\t\t\t<div class=\"elementor-widget-container\">\n\t\t\t\t\t<div class=\"elementor-image-box-wrapper\"><figure class=\"elementor-image-box-img\"><a href=\"https:\/\/mcaf.nb.ca\/wp-content\/uploads\/Lup-Cheng-Quek-f.png\" tabindex=\"-1\"><img loading=\"lazy\" width=\"240\" height=\"275\" src=\"https:\/\/mcaf.nb.ca\/wp-content\/uploads\/Lup-Cheng-Quek-1.jpg\" class=\"elementor-animation-shrink attachment-medium size-medium wp-image-23263\" alt=\"\" \/><\/a><\/figure><div class=\"elementor-image-box-content\"><h3 class=\"elementor-image-box-title\"><a href=\"https:\/\/mcaf.nb.ca\/wp-content\/uploads\/Lup-Cheng-Quek-f.png\">Lup Cheng Quek<\/a><\/h3><p class=\"elementor-image-box-description\">Directrice<\/p><\/div><\/div>\t\t\t\t<\/div>\n\t\t\t\t<\/div>\n\t\t\t\t\t<\/div>\n\t\t<\/div>\n\t\t\t\t<div class=\"elementor-column elementor-col-33 elementor-inner-column elementor-element elementor-element-875b8fe\" data-id=\"875b8fe\" data-element_type=\"column\" data-e-type=\"column\">\n\t\t\t<div class=\"elementor-widget-wrap elementor-element-populated\">\n\t\t\t\t\t\t<div class=\"elementor-element elementor-element-b9da5ef elementor-position-top flex-horizontal-align-default flex-horizontal-align-tablet-default flex-horizontal-align-mobile-default flex-vertical-align-default flex-vertical-align-tablet-default flex-vertical-align-mobile-default elementor-widget elementor-widget-image-box\" data-id=\"b9da5ef\" data-element_type=\"widget\" data-e-type=\"widget\" data-widget_type=\"image-box.default\">\n\t\t\t\t<div class=\"elementor-widget-container\">\n\t\t\t\t\t<div class=\"elementor-image-box-wrapper\"><figure class=\"elementor-image-box-img\"><a href=\"https:\/\/mcaf.nb.ca\/wp-content\/uploads\/Osadi-Jayawardhana-f.png\" tabindex=\"-1\"><img loading=\"lazy\" width=\"300\" height=\"266\" src=\"https:\/\/mcaf.nb.ca\/wp-content\/uploads\/Osadi-Jayawardhana-300x266.jpg\" class=\"elementor-animation-shrink attachment-medium size-medium wp-image-23246\" alt=\"\" srcset=\"https:\/\/mcaf.nb.ca\/wp-content\/uploads\/Osadi-Jayawardhana-300x266.jpg 300w, https:\/\/mcaf.nb.ca\/wp-content\/uploads\/Osadi-Jayawardhana-1024x907.jpg 1024w, https:\/\/mcaf.nb.ca\/wp-content\/uploads\/Osadi-Jayawardhana-768x680.jpg 768w, https:\/\/mcaf.nb.ca\/wp-content\/uploads\/Osadi-Jayawardhana.jpg 1269w\" sizes=\"(max-width: 300px) 100vw, 300px\" \/><\/a><\/figure><div class=\"elementor-image-box-content\"><h3 class=\"elementor-image-box-title\"><a href=\"https:\/\/mcaf.nb.ca\/wp-content\/uploads\/Osadi-Jayawardhana-f.png\">Osadi Jayawardhana<\/a><\/h3><p class=\"elementor-image-box-description\">Directrice<\/p><\/div><\/div>\t\t\t\t<\/div>\n\t\t\t\t<\/div>\n\t\t\t\t\t<\/div>\n\t\t<\/div>\n\t\t\t\t<div class=\"elementor-column elementor-col-33 elementor-inner-column elementor-element elementor-element-4f8d47b\" data-id=\"4f8d47b\" data-element_type=\"column\" data-e-type=\"column\">\n\t\t\t<div class=\"elementor-widget-wrap\">\n\t\t\t\t\t\t\t<\/div>\n\t\t<\/div>\n\t\t\t\t\t<\/div><\/div>\r\n\t\t<\/section>\r\n\t\t\t\t\t<\/div>\n\t\t<\/div>\n\t\t\t\t\t<\/div><\/div>\r\n\t\t<\/section>\r\n\t\t\t\t<\/div>\n\t\t","protected":false},"excerpt":{"rendered":"<p>2025 \u2013 2026 Conseil d&#8217;administration Bin Zhang, PhD Pr\u00e9sident Donna Gordon Premi\u00e8re vice-pr\u00e9sidente Theresa Bartlette-Chase Deuxi\u00e8me vice-pr\u00e9sidente Manisha varma Secr\u00e9taire&#8230;<\/p>\n","protected":false},"author":1,"featured_media":0,"parent":0,"menu_order":0,"comment_status":"closed","ping_status":"closed","template":"","meta":{"inline_featured_image":false,"footnotes":""},"class_list":["post-3969","page","type-page","status-publish"],"aioseo_notices":[],"_links":{"self":[{"href":"https:\/\/mcaf.nb.ca\/fr\/wp-json\/wp\/v2\/pages\/3969","targetHints":{"allow":["GET"]}}],"collection":[{"href":"https:\/\/mcaf.nb.ca\/fr\/wp-json\/wp\/v2\/pages"}],"about":[{"href":"https:\/\/mcaf.nb.ca\/fr\/wp-json\/wp\/v2\/types\/page"}],"author":[{"embeddable":true,"href":"https:\/\/mcaf.nb.ca\/fr\/wp-json\/wp\/v2\/users\/1"}],"replies":[{"embeddable":true,"href":"https:\/\/mcaf.nb.ca\/fr\/wp-json\/wp\/v2\/comments?post=3969"}],"version-history":[{"count":178,"href":"https:\/\/mcaf.nb.ca\/fr\/wp-json\/wp\/v2\/pages\/3969\/revisions"}],"predecessor-version":[{"id":23305,"href":"https:\/\/mcaf.nb.ca\/fr\/wp-json\/wp\/v2\/pages\/3969\/revisions\/23305"}],"wp:attachment":[{"href":"https:\/\/mcaf.nb.ca\/fr\/wp-json\/wp\/v2\/media?parent=3969"}],"curies":[{"name":"wp","href":"https:\/\/api.w.org\/{rel}","templated":true}]}}