{"id":4047,"date":"2019-03-21T12:08:21","date_gmt":"2019-03-21T15:08:21","guid":{"rendered":"http:\/\/mcaf-fredericton.com\/les-courtiers-culturels\/"},"modified":"2021-04-09T15:31:06","modified_gmt":"2021-04-09T18:31:06","slug":"les-courtiers-culturels","status":"publish","type":"page","link":"https:\/\/mcaf.nb.ca\/fr\/les-courtiers-culturels\/","title":{"rendered":"Les courtiers culturels"},"content":{"rendered":"\t\t<div data-elementor-type=\"wp-post\" data-elementor-id=\"4047\" class=\"elementor elementor-4047 elementor-1100\" data-elementor-post-type=\"page\">\n\t\t\t\t\t\t<section class=\"elementor-section elementor-top-section elementor-element elementor-element-c56e235 elementor-section-boxed elementor-section-height-default elementor-section-height-default\" data-id=\"c56e235\" data-element_type=\"section\" data-e-type=\"section\">\r\n\t\t\t\t\t\t<div class=\"elementor-container elementor-column-gap-thegem\"><div class=\"elementor-row\">\r\n\t\t\t\t\t<div class=\"elementor-column elementor-col-100 elementor-top-column elementor-element elementor-element-64c9036\" data-id=\"64c9036\" data-element_type=\"column\" data-e-type=\"column\">\n\t\t\t<div class=\"elementor-widget-wrap elementor-element-populated\">\n\t\t\t\t\t\t<section class=\"elementor-section elementor-inner-section elementor-element elementor-element-67bc7bd elementor-section-boxed elementor-section-height-default elementor-section-height-default\" data-id=\"67bc7bd\" data-element_type=\"section\" data-e-type=\"section\">\r\n\t\t\t\t\t\t<div class=\"elementor-container elementor-column-gap-wide\"><div class=\"elementor-row\">\r\n\t\t\t\t\t<div class=\"elementor-column elementor-col-33 elementor-inner-column elementor-element elementor-element-bf06daf\" data-id=\"bf06daf\" data-element_type=\"column\" data-e-type=\"column\">\n\t\t\t<div class=\"elementor-widget-wrap elementor-element-populated\">\n\t\t\t\t\t\t<div class=\"elementor-element elementor-element-2a58001 flex-horizontal-align-default flex-horizontal-align-tablet-default flex-horizontal-align-mobile-default flex-vertical-align-default flex-vertical-align-tablet-default flex-vertical-align-mobile-default elementor-widget elementor-widget-heading\" data-id=\"2a58001\" data-element_type=\"widget\" data-e-type=\"widget\" data-widget_type=\"heading.default\">\n\t\t\t\t<div class=\"elementor-widget-container\">\n\t\t\t\t\t<h5 class=\"elementor-heading-title elementor-size-default\">Les courtiers culturels<\/h5>\t\t\t\t<\/div>\n\t\t\t\t<\/div>\n\t\t\t\t<div class=\"elementor-element elementor-element-5ff6948 flex-horizontal-align-default flex-horizontal-align-tablet-default flex-horizontal-align-mobile-default flex-vertical-align-default flex-vertical-align-tablet-default flex-vertical-align-mobile-default elementor-widget elementor-widget-text-editor\" data-id=\"5ff6948\" data-element_type=\"widget\" data-e-type=\"widget\" data-widget_type=\"text-editor.default\">\n\t\t\t\t<div class=\"elementor-widget-container\">\n\t\t\t\t\t\t\t\t\t\t\t\t<div class=\"elementor-text-editor elementor-clearfix\">\r\n\t\t\t\t\t\t<p><strong>Qu\u2019est-ce qu\u2019un courtier culturel?<\/strong><\/p><p>Les courtiers culturels de l\u2019AMCF, issus de communaut\u00e9s immigrantes d\u2019origines diverses sont form\u00e9s pour surmonter les d\u00e9fis sociaux, \u00e9conomiques et linguistiques auxquels les immigrants et les r\u00e9fugi\u00e9s font face. Les courtiers culturels jouent le r\u00f4le d\u2019interm\u00e9diaires entres les nouveaux arrivants, la soci\u00e9t\u00e9 canadienne et les fournisseurs de services.<\/p><p><strong>Que faisons-nous?<\/strong><\/p><p>Les courtiers culturels am\u00e9liorent l\u2019acc\u00e8s des nouveaux arrivants aux services communautaires et gouvernementaux, et aident les organismes qui souhaitent offrir des services inclusifs et adapt\u00e9s aux diff\u00e9rences culturelles.<\/p><ul><li>Si vous \u00eates un fournisseur de services communautaires ou gouvernementaux souhaitant en apprendre davantage sur les courtiers culturels de l\u2019AMCF et sur la fa\u00e7on dont vous pourriez les incorporer dans vos services;<\/li><li>Si vous \u00eates un immigrant souhaitant en apprendre davantage sur le programme des courtiers culturels de l\u2019AMCF et savoir comment vous impliquer.<\/li><\/ul><p><strong>Contactez-nous \u00e0 <a href=\"mailto:culturalbrokers@mcaf.nb.ca\">culturalbrokers@mcaf.nb.ca<\/a><\/strong><\/p><p><strong>Caf\u00e9 Culturel Virtuel !<\/strong><br \/>Amusons-nous et passons du bon temps ensemble ! Rejoignez-nous tous les derniers jeudis du mois pour discuter de sujets li\u00e9s \u00e0 la vie quotidienne et jouer \u00e0 des jeux virtuels !<\/p><p>Pour s&#8217;inscrire, cliquez sur <a href=\"https:\/\/us02web.zoom.us\/meeting\/register\/tZwrdeGhqjotHNyhGESBkSBb9IyN4LiQmc5W\" target=\"_blank\" rel=\"noopener\">ce lien<\/a>\u00a0<\/p>\t\t\t\t\t\t\t<\/div>\r\n\t\t\t\t\t\t\t\t\t\t<\/div>\n\t\t\t\t<\/div>\n\t\t\t\t\t<\/div>\n\t\t<\/div>\n\t\t\t\t<div class=\"elementor-column elementor-col-66 elementor-inner-column elementor-element elementor-element-68a3df1\" data-id=\"68a3df1\" data-element_type=\"column\" data-e-type=\"column\">\n\t\t\t<div class=\"elementor-widget-wrap elementor-element-populated\">\n\t\t\t\t\t\t<div class=\"elementor-element elementor-element-4c6cb38 flex-horizontal-align-default flex-horizontal-align-tablet-default flex-horizontal-align-mobile-default flex-vertical-align-default flex-vertical-align-tablet-default flex-vertical-align-mobile-default elementor-widget elementor-widget-image\" data-id=\"4c6cb38\" data-element_type=\"widget\" data-e-type=\"widget\" data-widget_type=\"image.default\">\n\t\t\t\t<div class=\"elementor-widget-container\">\n\t\t\t\t\t\t\t\t\t\t\t\t\t\t\t<img fetchpriority=\"high\" width=\"1024\" height=\"651\" src=\"https:\/\/mcaf.nb.ca\/wp-content\/uploads\/2018\/05\/Cultural-brokers-1024x651.jpg\" class=\"attachment-large size-large wp-image-4048\" alt=\"\" srcset=\"https:\/\/mcaf.nb.ca\/wp-content\/uploads\/2018\/05\/Cultural-brokers-1024x651.jpg 1024w, https:\/\/mcaf.nb.ca\/wp-content\/uploads\/2018\/05\/Cultural-brokers-300x191.jpg 300w, https:\/\/mcaf.nb.ca\/wp-content\/uploads\/2018\/05\/Cultural-brokers-768x488.jpg 768w, https:\/\/mcaf.nb.ca\/wp-content\/uploads\/2018\/05\/Cultural-brokers-500x318.jpg 500w, https:\/\/mcaf.nb.ca\/wp-content\/uploads\/2018\/05\/Cultural-brokers.jpg 1200w\" sizes=\"(max-width: 1024px) 100vw, 1024px\" \/>\t\t\t\t\t\t\t\t\t\t\t\t\t\t\t<\/div>\n\t\t\t\t<\/div>\n\t\t\t\t<div class=\"elementor-element elementor-element-3e96220 flex-horizontal-align-default flex-horizontal-align-tablet-default flex-horizontal-align-mobile-default flex-vertical-align-default flex-vertical-align-tablet-default flex-vertical-align-mobile-default elementor-widget elementor-widget-text-editor\" data-id=\"3e96220\" data-element_type=\"widget\" data-e-type=\"widget\" data-widget_type=\"text-editor.default\">\n\t\t\t\t<div class=\"elementor-widget-container\">\n\t\t\t\t\t\t\t\t\t\t\t\t<div class=\"elementor-text-editor elementor-clearfix\">\r\n\t\t\t\t\t\t<p>En partenariat avec la Galerie d\u2019art Beaverbrook, des courtiers culturels de l\u2019AMCF ont particip\u00e9 \u00e0 une s\u00e9rie d\u2019ateliers et sont devenus des guides de galerie.<\/p>\n\t\t\t\t\t\t\t<\/div>\r\n\t\t\t\t\t\t\t\t\t\t<\/div>\n\t\t\t\t<\/div>\n\t\t\t\t\t<\/div>\n\t\t<\/div>\n\t\t\t\t\t<\/div><\/div>\r\n\t\t<\/section>\r\n\t\t\t\t\t<\/div>\n\t\t<\/div>\n\t\t\t\t\t<\/div><\/div>\r\n\t\t<\/section>\r\n\t\t\t\t<\/div>\n\t\t","protected":false},"excerpt":{"rendered":"<p>Les courtiers culturels Qu\u2019est-ce qu\u2019un courtier culturel? Les courtiers culturels de l\u2019AMCF, issus de communaut\u00e9s immigrantes d\u2019origines diverses sont form\u00e9s&#8230;<\/p>\n","protected":false},"author":1,"featured_media":0,"parent":0,"menu_order":0,"comment_status":"closed","ping_status":"closed","template":"","meta":{"inline_featured_image":false,"footnotes":""},"class_list":["post-4047","page","type-page","status-publish"],"aioseo_notices":[],"_links":{"self":[{"href":"https:\/\/mcaf.nb.ca\/fr\/wp-json\/wp\/v2\/pages\/4047","targetHints":{"allow":["GET"]}}],"collection":[{"href":"https:\/\/mcaf.nb.ca\/fr\/wp-json\/wp\/v2\/pages"}],"about":[{"href":"https:\/\/mcaf.nb.ca\/fr\/wp-json\/wp\/v2\/types\/page"}],"author":[{"embeddable":true,"href":"https:\/\/mcaf.nb.ca\/fr\/wp-json\/wp\/v2\/users\/1"}],"replies":[{"embeddable":true,"href":"https:\/\/mcaf.nb.ca\/fr\/wp-json\/wp\/v2\/comments?post=4047"}],"version-history":[{"count":8,"href":"https:\/\/mcaf.nb.ca\/fr\/wp-json\/wp\/v2\/pages\/4047\/revisions"}],"predecessor-version":[{"id":9343,"href":"https:\/\/mcaf.nb.ca\/fr\/wp-json\/wp\/v2\/pages\/4047\/revisions\/9343"}],"wp:attachment":[{"href":"https:\/\/mcaf.nb.ca\/fr\/wp-json\/wp\/v2\/media?parent=4047"}],"curies":[{"name":"wp","href":"https:\/\/api.w.org\/{rel}","templated":true}]}}