{"id":4051,"date":"2019-03-21T12:12:51","date_gmt":"2019-03-21T15:12:51","guid":{"rendered":"http:\/\/mcaf-fredericton.com\/festival-dexpressions-culturelles\/"},"modified":"2025-06-06T11:29:34","modified_gmt":"2025-06-06T14:29:34","slug":"festival-dexpressions-culturelles","status":"publish","type":"page","link":"https:\/\/mcaf.nb.ca\/fr\/festival-dexpressions-culturelles\/","title":{"rendered":"Festival d&#8217;expressions culturelles"},"content":{"rendered":"\t\t<div data-elementor-type=\"wp-post\" data-elementor-id=\"4051\" class=\"elementor elementor-4051 elementor-989\" data-elementor-post-type=\"page\">\n\t\t\t\t\t\t<section class=\"elementor-section elementor-top-section elementor-element elementor-element-478fd0c4 elementor-section-boxed elementor-section-height-default elementor-section-height-default\" data-id=\"478fd0c4\" data-element_type=\"section\" data-e-type=\"section\">\r\n\t\t\t\t\t\t<div class=\"elementor-container elementor-column-gap-thegem\"><div class=\"elementor-row\">\r\n\t\t\t\t\t<div class=\"elementor-column elementor-col-100 elementor-top-column elementor-element elementor-element-1bbce6b1\" data-id=\"1bbce6b1\" data-element_type=\"column\" data-e-type=\"column\">\n\t\t\t<div class=\"elementor-widget-wrap elementor-element-populated\">\n\t\t\t\t\t\t<section class=\"elementor-section elementor-inner-section elementor-element elementor-element-5a3f0c20 elementor-section-boxed elementor-section-height-default elementor-section-height-default\" data-id=\"5a3f0c20\" data-element_type=\"section\" data-e-type=\"section\">\r\n\t\t\t\t\t\t<div class=\"elementor-container elementor-column-gap-thegem\"><div class=\"elementor-row\">\r\n\t\t\t\t\t<div class=\"elementor-column elementor-col-50 elementor-inner-column elementor-element elementor-element-7ac2ebec\" data-id=\"7ac2ebec\" data-element_type=\"column\" data-e-type=\"column\">\n\t\t\t<div class=\"elementor-widget-wrap elementor-element-populated\">\n\t\t\t\t\t\t<div class=\"elementor-element elementor-element-2466646e flex-horizontal-align-default flex-horizontal-align-tablet-default flex-horizontal-align-mobile-default flex-vertical-align-default flex-vertical-align-tablet-default flex-vertical-align-mobile-default elementor-widget elementor-widget-heading\" data-id=\"2466646e\" data-element_type=\"widget\" data-e-type=\"widget\" data-widget_type=\"heading.default\">\n\t\t\t\t<div class=\"elementor-widget-container\">\n\t\t\t\t\t<h3 class=\"elementor-heading-title elementor-size-default\">Festival d'expressions culturelles<\/h3>\t\t\t\t<\/div>\n\t\t\t\t<\/div>\n\t\t\t\t\t<\/div>\n\t\t<\/div>\n\t\t\t\t<div class=\"elementor-column elementor-col-50 elementor-inner-column elementor-element elementor-element-2905cb28\" data-id=\"2905cb28\" data-element_type=\"column\" data-e-type=\"column\">\n\t\t\t<div class=\"elementor-widget-wrap\">\n\t\t\t\t\t\t\t<\/div>\n\t\t<\/div>\n\t\t\t\t\t<\/div><\/div>\r\n\t\t<\/section>\r\n\t\t\t\t<section class=\"elementor-section elementor-inner-section elementor-element elementor-element-3045631 elementor-section-boxed elementor-section-height-default elementor-section-height-default\" data-id=\"3045631\" data-element_type=\"section\" data-e-type=\"section\">\r\n\t\t\t\t\t\t<div class=\"elementor-container elementor-column-gap-wider\"><div class=\"elementor-row\">\r\n\t\t\t\t\t<div class=\"elementor-column elementor-col-50 elementor-inner-column elementor-element elementor-element-16ccc55\" data-id=\"16ccc55\" data-element_type=\"column\" data-e-type=\"column\">\n\t\t\t<div class=\"elementor-widget-wrap elementor-element-populated\">\n\t\t\t\t\t\t<div class=\"elementor-element elementor-element-3e1f98f flex-horizontal-align-default flex-horizontal-align-tablet-default flex-horizontal-align-mobile-default flex-vertical-align-default flex-vertical-align-tablet-default flex-vertical-align-mobile-default elementor-widget elementor-widget-text-editor\" data-id=\"3e1f98f\" data-element_type=\"widget\" data-e-type=\"widget\" data-widget_type=\"text-editor.default\">\n\t\t\t\t<div class=\"elementor-widget-container\">\n\t\t\t\t\t\t\t\t\t\t\t\t<div class=\"elementor-text-editor elementor-clearfix\">\r\n\t\t\t\t\t\t<p>Le Festival d&#8217;expressions culturelles (FEC) vous invite \u00e0 vous joindre \u00e0 nous pour la c\u00e9l\u00e9bration de la Journ\u00e9e canadienne du multiculturalisme en juin. Le FEC propose une journ\u00e9e passionnante de spectacles culturels, d&#8217;expositions, d&#8217;arts, de gastronomie et d&#8217;activit\u00e9s familiales pr\u00e9sent\u00e9s par les groupes ethnoculturels locaux. <\/p><p>De plus, une s\u00e9rie d&#8217;activit\u00e9s multiculturelles sont organis\u00e9es tout au long du mois de juin. <\/p><p>Le FEC offre aux nouveaux arrivants comme aux r\u00e9sidents de longue date une opportunit\u00e9 unique et excellente d&#8217;\u00e9change culturel accru et d&#8217;exp\u00e9riences interactives pour se connecter, s&#8217;engager et appr\u00e9cier la communaut\u00e9 vibrante, accueillante et inclusive de Fredericton.<\/p><p>Pour en savoir plus sur le Festival d&#8217;expressions culturelles ou pour y participer, visitez :<\/p><ul><li>Site web du FEC : <a href=\"http:\/\/www.cefnb.ca\/\">www.cefnb.ca<\/a><\/li><li>Facebook du FEC : <a href=\"https:\/\/www.facebook.com\/CulturalExp\/\" target=\"_blank\" rel=\"noopener\">https:\/\/www.facebook.com\/CulturalExp\/<\/a><\/li><li> Twitter : @CulturalExp<\/li><li><a href=\"https:\/\/www.youtube.com\/channel\/UCJgt-OLAXnZrqqtcmEO9cMg\" target=\"_blank\" rel=\"noopener\">YouTube du FEC<\/a><\/li><li>Courriel : <a href=\"mailto:info@cefnb.ca\">info@cefnb.ca<\/a><\/li><\/ul>\t\t\t\t\t\t\t<\/div>\r\n\t\t\t\t\t\t\t\t\t\t<\/div>\n\t\t\t\t<\/div>\n\t\t\t\t\t<\/div>\n\t\t<\/div>\n\t\t\t\t<div class=\"elementor-column elementor-col-50 elementor-inner-column elementor-element elementor-element-5e46ce0\" data-id=\"5e46ce0\" data-element_type=\"column\" data-e-type=\"column\">\n\t\t\t<div class=\"elementor-widget-wrap elementor-element-populated\">\n\t\t\t\t\t\t<div class=\"elementor-element elementor-element-026f2fc flex-horizontal-align-default flex-horizontal-align-tablet-default flex-horizontal-align-mobile-default flex-vertical-align-default flex-vertical-align-tablet-default flex-vertical-align-mobile-default elementor-widget elementor-widget-image\" data-id=\"026f2fc\" data-element_type=\"widget\" data-e-type=\"widget\" data-widget_type=\"image.default\">\n\t\t\t\t<div class=\"elementor-widget-container\">\n\t\t\t\t\t\t\t\t\t\t\t\t\t\t\t<img fetchpriority=\"high\" width=\"500\" height=\"610\" src=\"https:\/\/mcaf.nb.ca\/wp-content\/uploads\/2019\/02\/CEF.jpg\" class=\"attachment-medium_large size-medium_large wp-image-4052\" alt=\"\" srcset=\"https:\/\/mcaf.nb.ca\/wp-content\/uploads\/2019\/02\/CEF.jpg 500w, https:\/\/mcaf.nb.ca\/wp-content\/uploads\/2019\/02\/CEF-246x300.jpg 246w\" sizes=\"(max-width: 500px) 100vw, 500px\" \/>\t\t\t\t\t\t\t\t\t\t\t\t\t\t\t<\/div>\n\t\t\t\t<\/div>\n\t\t\t\t\t<\/div>\n\t\t<\/div>\n\t\t\t\t\t<\/div><\/div>\r\n\t\t<\/section>\r\n\t\t\t\t<div class=\"elementor-element elementor-element-75f53ac flex-horizontal-align-default flex-horizontal-align-tablet-default flex-horizontal-align-mobile-default flex-vertical-align-default flex-vertical-align-tablet-default flex-vertical-align-mobile-default elementor-widget elementor-widget-spacer\" data-id=\"75f53ac\" data-element_type=\"widget\" data-e-type=\"widget\" data-widget_type=\"spacer.default\">\n\t\t\t\t<div class=\"elementor-widget-container\">\n\t\t\t\t\t\t\t<div class=\"elementor-spacer\">\n\t\t\t<div class=\"elementor-spacer-inner\"><\/div>\n\t\t<\/div>\n\t\t\t\t\t\t<\/div>\n\t\t\t\t<\/div>\n\t\t\t\t<section class=\"elementor-section elementor-inner-section elementor-element elementor-element-4f099cc2 elementor-section-boxed elementor-section-height-default elementor-section-height-default\" data-id=\"4f099cc2\" data-element_type=\"section\" data-e-type=\"section\">\r\n\t\t\t\t\t\t<div class=\"elementor-container elementor-column-gap-wide\"><div class=\"elementor-row\">\r\n\t\t\t\t\t<div class=\"elementor-column elementor-col-100 elementor-inner-column elementor-element elementor-element-401be153\" data-id=\"401be153\" data-element_type=\"column\" data-e-type=\"column\">\n\t\t\t<div class=\"elementor-widget-wrap elementor-element-populated\">\n\t\t\t\t\t\t<div class=\"elementor-element elementor-element-0cf0add elementor-skin-carousel elementor-arrows-yes elementor-pagination-type-bullets elementor-pagination-position-outside flex-horizontal-align-default flex-horizontal-align-tablet-default flex-horizontal-align-mobile-default flex-vertical-align-default flex-vertical-align-tablet-default flex-vertical-align-mobile-default elementor-widget elementor-widget-media-carousel\" data-id=\"0cf0add\" data-element_type=\"widget\" data-e-type=\"widget\" data-settings=\"{&quot;skin&quot;:&quot;carousel&quot;,&quot;effect&quot;:&quot;slide&quot;,&quot;show_arrows&quot;:&quot;yes&quot;,&quot;pagination&quot;:&quot;bullets&quot;,&quot;speed&quot;:500,&quot;autoplay&quot;:&quot;yes&quot;,&quot;autoplay_speed&quot;:5000,&quot;loop&quot;:&quot;yes&quot;,&quot;pause_on_hover&quot;:&quot;yes&quot;,&quot;pause_on_interaction&quot;:&quot;yes&quot;,&quot;space_between&quot;:{&quot;unit&quot;:&quot;px&quot;,&quot;size&quot;:10,&quot;sizes&quot;:[]},&quot;space_between_laptop&quot;:{&quot;unit&quot;:&quot;px&quot;,&quot;size&quot;:10,&quot;sizes&quot;:[]},&quot;space_between_tablet_extra&quot;:{&quot;unit&quot;:&quot;px&quot;,&quot;size&quot;:10,&quot;sizes&quot;:[]},&quot;space_between_tablet&quot;:{&quot;unit&quot;:&quot;px&quot;,&quot;size&quot;:10,&quot;sizes&quot;:[]},&quot;space_between_mobile_extra&quot;:{&quot;unit&quot;:&quot;px&quot;,&quot;size&quot;:10,&quot;sizes&quot;:[]},&quot;space_between_mobile&quot;:{&quot;unit&quot;:&quot;px&quot;,&quot;size&quot;:10,&quot;sizes&quot;:[]}}\" data-widget_type=\"media-carousel.default\">\n\t\t\t\t<div class=\"elementor-widget-container\">\n\t\t\t\t\t\t\t\t\t<div class=\"elementor-swiper\">\n\t\t\t\t\t<div class=\"elementor-main-swiper swiper\" role=\"region\" aria-roledescription=\"carousel\" aria-label=\"Slides\">\n\t\t\t\t<div class=\"swiper-wrapper\">\n\t\t\t\t\t\t\t\t\t\t\t<div class=\"swiper-slide\" role=\"group\" aria-roledescription=\"slide\">\n\t\t\t\t\t\t\t\t\t<div class=\"elementor-carousel-image\" role=\"img\" aria-label=\"Cultural Expressions Festival7-2\" style=\"background-image: url(&#039;https:\/\/mcaf.nb.ca\/wp-content\/uploads\/2018\/04\/Cultural-Expressions-Festival7-2.jpg&#039;)\">\n\n\t\t\t\n\t\t\t\t\t<\/div>\n\t\t\t\t\t\t\t\t<\/div>\n\t\t\t\t\t\t\t\t\t\t\t<div class=\"swiper-slide\" role=\"group\" aria-roledescription=\"slide\">\n\t\t\t\t\t\t\t\t\t<div class=\"elementor-carousel-image\" role=\"img\" aria-label=\"CulturalExpression1-2\" style=\"background-image: url(&#039;https:\/\/mcaf.nb.ca\/wp-content\/uploads\/2018\/04\/CulturalExpression1-2.jpg&#039;)\">\n\n\t\t\t\n\t\t\t\t\t<\/div>\n\t\t\t\t\t\t\t\t<\/div>\n\t\t\t\t\t\t\t\t\t\t\t<div class=\"swiper-slide\" role=\"group\" aria-roledescription=\"slide\">\n\t\t\t\t\t\t\t\t\t<div class=\"elementor-carousel-image\" role=\"img\" aria-label=\"culturalexpression9-3\" style=\"background-image: url(&#039;https:\/\/mcaf.nb.ca\/wp-content\/uploads\/2018\/04\/culturalexpression9-3.jpg&#039;)\">\n\n\t\t\t\n\t\t\t\t\t<\/div>\n\t\t\t\t\t\t\t\t<\/div>\n\t\t\t\t\t\t\t\t\t\t\t<div class=\"swiper-slide\" role=\"group\" aria-roledescription=\"slide\">\n\t\t\t\t\t\t\t\t\t<div class=\"elementor-carousel-image\" role=\"img\" aria-label=\"culturalexpression3-2\" style=\"background-image: url(&#039;https:\/\/mcaf.nb.ca\/wp-content\/uploads\/2018\/04\/culturalexpression3-2.jpg&#039;)\">\n\n\t\t\t\n\t\t\t\t\t<\/div>\n\t\t\t\t\t\t\t\t<\/div>\n\t\t\t\t\t\t\t\t\t\t\t<div class=\"swiper-slide\" role=\"group\" aria-roledescription=\"slide\">\n\t\t\t\t\t\t\t\t\t<div class=\"elementor-carousel-image\" role=\"img\" aria-label=\"Cultural Expressions Festival8\" style=\"background-image: url(&#039;https:\/\/mcaf.nb.ca\/wp-content\/uploads\/2018\/04\/Cultural-Expressions-Festival8.jpg&#039;)\">\n\n\t\t\t\n\t\t\t\t\t<\/div>\n\t\t\t\t\t\t\t\t<\/div>\n\t\t\t\t\t\t\t\t\t<\/div>\n\t\t\t\t\t\t\t\t\t\t\t\t\t\t\t<div class=\"elementor-swiper-button elementor-swiper-button-prev\" role=\"button\" tabindex=\"0\" aria-label=\"Pr\u00e9c\u00e9dent\">\n\t\t\t\t\t\t\t<i aria-hidden=\"true\" class=\"eicon-chevron-left\"><\/i>\t\t\t\t\t\t<\/div>\n\t\t\t\t\t\t<div class=\"elementor-swiper-button elementor-swiper-button-next\" role=\"button\" tabindex=\"0\" aria-label=\"Suivant\">\n\t\t\t\t\t\t\t<i aria-hidden=\"true\" class=\"eicon-chevron-right\"><\/i>\t\t\t\t\t\t<\/div>\n\t\t\t\t\t\t\t\t\t\t\t\t\t\t\t\t<div class=\"swiper-pagination\"><\/div>\n\t\t\t\t\t\t\t\t\t\t\t\t<\/div>\n\t\t\t\t<\/div>\n\t\t\t\t\t\t\t\t<\/div>\n\t\t\t\t<\/div>\n\t\t\t\t\t<\/div>\n\t\t<\/div>\n\t\t\t\t\t<\/div><\/div>\r\n\t\t<\/section>\r\n\t\t\t\t\t<\/div>\n\t\t<\/div>\n\t\t\t\t\t<\/div><\/div>\r\n\t\t<\/section>\r\n\t\t\t\t<\/div>\n\t\t","protected":false},"excerpt":{"rendered":"<p>Festival d&#8217;expressions culturelles Le Festival d&#8217;expressions culturelles (FEC) vous invite \u00e0 vous joindre \u00e0 nous pour la c\u00e9l\u00e9bration de la&#8230;<\/p>\n","protected":false},"author":1,"featured_media":0,"parent":0,"menu_order":0,"comment_status":"closed","ping_status":"closed","template":"","meta":{"inline_featured_image":false,"footnotes":""},"class_list":["post-4051","page","type-page","status-publish"],"aioseo_notices":[],"_links":{"self":[{"href":"https:\/\/mcaf.nb.ca\/fr\/wp-json\/wp\/v2\/pages\/4051","targetHints":{"allow":["GET"]}}],"collection":[{"href":"https:\/\/mcaf.nb.ca\/fr\/wp-json\/wp\/v2\/pages"}],"about":[{"href":"https:\/\/mcaf.nb.ca\/fr\/wp-json\/wp\/v2\/types\/page"}],"author":[{"embeddable":true,"href":"https:\/\/mcaf.nb.ca\/fr\/wp-json\/wp\/v2\/users\/1"}],"replies":[{"embeddable":true,"href":"https:\/\/mcaf.nb.ca\/fr\/wp-json\/wp\/v2\/comments?post=4051"}],"version-history":[{"count":4,"href":"https:\/\/mcaf.nb.ca\/fr\/wp-json\/wp\/v2\/pages\/4051\/revisions"}],"predecessor-version":[{"id":22785,"href":"https:\/\/mcaf.nb.ca\/fr\/wp-json\/wp\/v2\/pages\/4051\/revisions\/22785"}],"wp:attachment":[{"href":"https:\/\/mcaf.nb.ca\/fr\/wp-json\/wp\/v2\/media?parent=4051"}],"curies":[{"name":"wp","href":"https:\/\/api.w.org\/{rel}","templated":true}]}}