{"id":4110,"date":"2019-03-22T11:21:01","date_gmt":"2019-03-22T14:21:01","guid":{"rendered":"http:\/\/mcaf-fredericton.com\/bailleurs-de-fonds\/"},"modified":"2023-10-06T13:51:23","modified_gmt":"2023-10-06T16:51:23","slug":"bailleurs-de-fonds","status":"publish","type":"page","link":"https:\/\/mcaf.nb.ca\/fr\/bailleurs-de-fonds\/","title":{"rendered":"Bailleurs de fonds"},"content":{"rendered":"\t\t<div data-elementor-type=\"wp-post\" data-elementor-id=\"4110\" class=\"elementor elementor-4110 elementor-1075\" data-elementor-post-type=\"page\">\n\t\t\t\t\t\t<section class=\"elementor-section elementor-top-section elementor-element elementor-element-d183ec7 elementor-section-boxed elementor-section-height-default elementor-section-height-default\" data-id=\"d183ec7\" data-element_type=\"section\" data-e-type=\"section\">\r\n\t\t\t\t\t\t<div class=\"elementor-container elementor-column-gap-thegem\"><div class=\"elementor-row\">\r\n\t\t\t\t\t<div class=\"elementor-column elementor-col-100 elementor-top-column elementor-element elementor-element-c40f647\" data-id=\"c40f647\" data-element_type=\"column\" data-e-type=\"column\">\n\t\t\t<div class=\"elementor-widget-wrap elementor-element-populated\">\n\t\t\t\t\t\t<section class=\"elementor-section elementor-inner-section elementor-element elementor-element-3478c0b elementor-section-boxed elementor-section-height-default elementor-section-height-default\" data-id=\"3478c0b\" data-element_type=\"section\" data-e-type=\"section\">\r\n\t\t\t\t\t\t<div class=\"elementor-container elementor-column-gap-thegem\"><div class=\"elementor-row\">\r\n\t\t\t\t\t<div class=\"elementor-column elementor-col-50 elementor-inner-column elementor-element elementor-element-50481ea\" data-id=\"50481ea\" data-element_type=\"column\" data-e-type=\"column\">\n\t\t\t<div class=\"elementor-widget-wrap elementor-element-populated\">\n\t\t\t\t\t\t<div class=\"elementor-element elementor-element-88449e1 flex-horizontal-align-default flex-horizontal-align-tablet-default flex-horizontal-align-mobile-default flex-vertical-align-default flex-vertical-align-tablet-default flex-vertical-align-mobile-default elementor-widget elementor-widget-heading\" data-id=\"88449e1\" data-element_type=\"widget\" data-e-type=\"widget\" data-widget_type=\"heading.default\">\n\t\t\t\t<div class=\"elementor-widget-container\">\n\t\t\t\t\t<h3 class=\"elementor-heading-title elementor-size-default\">Merci \u00e0 nos bailleurs de fonds:<\/h3>\t\t\t\t<\/div>\n\t\t\t\t<\/div>\n\t\t\t\t<div class=\"elementor-element elementor-element-274aa5b flex-horizontal-align-default flex-horizontal-align-tablet-default flex-horizontal-align-mobile-default flex-vertical-align-default flex-vertical-align-tablet-default flex-vertical-align-mobile-default elementor-widget elementor-widget-heading\" data-id=\"274aa5b\" data-element_type=\"widget\" data-e-type=\"widget\" data-widget_type=\"heading.default\">\n\t\t\t\t<div class=\"elementor-widget-container\">\n\t\t\t\t\t<h5 class=\"elementor-heading-title elementor-size-default\">Gouvernement f\u00e9d\u00e9ral :<\/h5>\t\t\t\t<\/div>\n\t\t\t\t<\/div>\n\t\t\t\t<div class=\"elementor-element elementor-element-5f5fd6f flex-horizontal-align-default flex-horizontal-align-tablet-default flex-horizontal-align-mobile-default flex-vertical-align-default flex-vertical-align-tablet-default flex-vertical-align-mobile-default elementor-widget elementor-widget-text-editor\" data-id=\"5f5fd6f\" data-element_type=\"widget\" data-e-type=\"widget\" data-widget_type=\"text-editor.default\">\n\t\t\t\t<div class=\"elementor-widget-container\">\n\t\t\t\t\t\t\t\t\t\t\t\t<div class=\"elementor-text-editor elementor-clearfix\">\r\n\t\t\t\t\t\t<ul>\n<li><a href=\"https:\/\/www.canada.ca\/fr\/immigration-refugies-citoyennete.html\" target=\"_blank\" rel=\"noopener\">Immigration, R\u00e9fugi\u00e9s et Citoyennet\u00e9 Canada<\/a><\/li>\n<li><a href=\"https:\/\/ised-isde.canada.ca\/site\/isde\/fr\" target=\"_blank\" rel=\"noopener\">Innovation, Sciences et D\u00e9veloppement \u00e9conomique Canada<\/a><\/li>\n<li><a href=\"https:\/\/www.canada.ca\/fr\/patrimoine-canadien.html\" target=\"_blank\" rel=\"noopener\">Minist\u00e8re du Patrimoine canadien<\/a><\/li>\n<li><a href=\"https:\/\/www.canada.ca\/fr\/emploi-developpement-social.html\" target=\"_blank\" rel=\"noopener\">Emploi et D\u00e9veloppement social Canada<\/a><\/li>\n<\/ul>\n\t\t\t\t\t\t\t<\/div>\r\n\t\t\t\t\t\t\t\t\t\t<\/div>\n\t\t\t\t<\/div>\n\t\t\t\t<div class=\"elementor-element elementor-element-a733e11 flex-horizontal-align-default flex-horizontal-align-tablet-default flex-horizontal-align-mobile-default flex-vertical-align-default flex-vertical-align-tablet-default flex-vertical-align-mobile-default elementor-widget elementor-widget-heading\" data-id=\"a733e11\" data-element_type=\"widget\" data-e-type=\"widget\" data-widget_type=\"heading.default\">\n\t\t\t\t<div class=\"elementor-widget-container\">\n\t\t\t\t\t<h5 class=\"elementor-heading-title elementor-size-default\">Gouvernement provincial :<\/h5>\t\t\t\t<\/div>\n\t\t\t\t<\/div>\n\t\t\t\t<div class=\"elementor-element elementor-element-c2d6a5a flex-horizontal-align-default flex-horizontal-align-tablet-default flex-horizontal-align-mobile-default flex-vertical-align-default flex-vertical-align-tablet-default flex-vertical-align-mobile-default elementor-widget elementor-widget-text-editor\" data-id=\"c2d6a5a\" data-element_type=\"widget\" data-e-type=\"widget\" data-widget_type=\"text-editor.default\">\n\t\t\t\t<div class=\"elementor-widget-container\">\n\t\t\t\t\t\t\t\t\t\t\t\t<div class=\"elementor-text-editor elementor-clearfix\">\r\n\t\t\t\t\t\t<ul>\n<li><a href=\"https:\/\/www2.gnb.ca\/content\/gnb\/fr\/ministeres\/education.html\" target=\"_blank\" rel=\"noopener\">\u00c9ducation et D\u00e9veloppement de la petite enfance<\/a><\/li>\n<li><a href=\"https:\/\/www2.gnb.ca\/content\/gnb\/fr\/ministeres\/education_postsecondaire_formation_et_travail.html\" target=\"_blank\" rel=\"noopener\">Minist\u00e8re de l\u2019\u00c9ducation postsecondaire, de la Formation et du Travail<\/a><\/li>\n<li><a href=\"https:\/\/www2.gnb.ca\/content\/gnb\/fr\/ministeres\/developpement_social.html\" target=\"_blank\" rel=\"noopener\">Minist\u00e8re du D\u00e9veloppement social<\/a><\/li>\n<li><a href=\"https:\/\/www.welcomenb.ca\/content\/wel-bien\/fr.html\" target=\"_blank\" rel=\"noopener\">Immigration NB<\/a><\/li>\n<li><a href=\"https:\/\/travailnb.ca\/?_ga=2.215686103.1771930972.1664282887-1481656200.1663771981\" target=\"_blank\" rel=\"noopener\">Travail N.-B.<\/a><\/li>\n<\/ul>\n\t\t\t\t\t\t\t<\/div>\r\n\t\t\t\t\t\t\t\t\t\t<\/div>\n\t\t\t\t<\/div>\n\t\t\t\t<div class=\"elementor-element elementor-element-2232b10 flex-horizontal-align-default flex-horizontal-align-tablet-default flex-horizontal-align-mobile-default flex-vertical-align-default flex-vertical-align-tablet-default flex-vertical-align-mobile-default elementor-widget elementor-widget-heading\" data-id=\"2232b10\" data-element_type=\"widget\" data-e-type=\"widget\" data-widget_type=\"heading.default\">\n\t\t\t\t<div class=\"elementor-widget-container\">\n\t\t\t\t\t<h5 class=\"elementor-heading-title elementor-size-default\">Gouvernement municipal :<\/h5>\t\t\t\t<\/div>\n\t\t\t\t<\/div>\n\t\t\t\t<div class=\"elementor-element elementor-element-572fd54 flex-horizontal-align-default flex-horizontal-align-tablet-default flex-horizontal-align-mobile-default flex-vertical-align-default flex-vertical-align-tablet-default flex-vertical-align-mobile-default elementor-widget elementor-widget-text-editor\" data-id=\"572fd54\" data-element_type=\"widget\" data-e-type=\"widget\" data-widget_type=\"text-editor.default\">\n\t\t\t\t<div class=\"elementor-widget-container\">\n\t\t\t\t\t\t\t\t\t\t\t\t<div class=\"elementor-text-editor elementor-clearfix\">\r\n\t\t\t\t\t\t<ul>\n<li><a href=\"http:\/\/www.fredericton.ca\/fr\" target=\"_blank\" rel=\"noopener\">Ville de Fredericton<\/a><\/li>\n<\/ul>\n\t\t\t\t\t\t\t<\/div>\r\n\t\t\t\t\t\t\t\t\t\t<\/div>\n\t\t\t\t<\/div>\n\t\t\t\t\t<\/div>\n\t\t<\/div>\n\t\t\t\t<div class=\"elementor-column elementor-col-50 elementor-inner-column elementor-element elementor-element-20fff3e\" data-id=\"20fff3e\" data-element_type=\"column\" data-e-type=\"column\">\n\t\t\t<div class=\"elementor-widget-wrap elementor-element-populated\">\n\t\t\t\t\t\t<div class=\"elementor-element elementor-element-cca3c97 flex-horizontal-align-default flex-horizontal-align-tablet-default flex-horizontal-align-mobile-default flex-vertical-align-default flex-vertical-align-tablet-default flex-vertical-align-mobile-default elementor-widget elementor-widget-spacer\" data-id=\"cca3c97\" data-element_type=\"widget\" data-e-type=\"widget\" data-widget_type=\"spacer.default\">\n\t\t\t\t<div class=\"elementor-widget-container\">\n\t\t\t\t\t\t\t<div class=\"elementor-spacer\">\n\t\t\t<div class=\"elementor-spacer-inner\"><\/div>\n\t\t<\/div>\n\t\t\t\t\t\t<\/div>\n\t\t\t\t<\/div>\n\t\t\t\t<div class=\"elementor-element elementor-element-5086383 flex-horizontal-align-default flex-horizontal-align-tablet-default flex-horizontal-align-mobile-default flex-vertical-align-default flex-vertical-align-tablet-default flex-vertical-align-mobile-default elementor-widget elementor-widget-heading\" data-id=\"5086383\" data-element_type=\"widget\" data-e-type=\"widget\" data-widget_type=\"heading.default\">\n\t\t\t\t<div class=\"elementor-widget-container\">\n\t\t\t\t\t<h5 class=\"elementor-heading-title elementor-size-default\">Autres:<\/h5>\t\t\t\t<\/div>\n\t\t\t\t<\/div>\n\t\t\t\t<div class=\"elementor-element elementor-element-3de8131 flex-horizontal-align-default flex-horizontal-align-tablet-default flex-horizontal-align-mobile-default flex-vertical-align-default flex-vertical-align-tablet-default flex-vertical-align-mobile-default elementor-widget elementor-widget-text-editor\" data-id=\"3de8131\" data-element_type=\"widget\" data-e-type=\"widget\" data-widget_type=\"text-editor.default\">\n\t\t\t\t<div class=\"elementor-widget-container\">\n\t\t\t\t\t\t\t\t\t\t\t\t<div class=\"elementor-text-editor elementor-clearfix\">\r\n\t\t\t\t\t\t<ul>\n<li><a href=\"https:\/\/araisa.ca\/fr\/\" target=\"_blank\" rel=\"noopener\">L\u2019Association des agences au service des immigrants de la r\u00e9gion atlantique <\/a><\/li>\n<li><a href=\"https:\/\/www.downtownfredericton.ca\/\" target=\"_blank\" rel=\"noopener\">Downtown Fredericton<\/a><\/li>\n<li><a href=\"https:\/\/www.canada.ca\/fr\/immigration-refugies-citoyennete\/services\/nouveaux-immigrants\/preparer-vie-canada\/prepare-travailler\/federal-stage.html\" target=\"_blank\" rel=\"noopener\">Le Programme f\u00e9d\u00e9ral de stage pour les nouveaux arrivants<\/a><\/li>\n<li><a href=\"https:\/\/www.fredfdn.ca\/\" target=\"_blank\" rel=\"noopener\">Fondation communautaire de Fredericton<\/a><\/li>\n<li><a href=\"https:\/\/nbmc-cmnb.ca\/fr\/\" target=\"_blank\" rel=\"noopener\">Le Conseil multiculturel du Nouveau-Brunswick<\/a><\/li>\n<li><a href=\"https:\/\/ociso.org\/\" target=\"_blank\" rel=\"noopener\">Ottawa Community Immigrant Services Organization<\/a><\/li>\n<li><a href=\"https:\/\/www.planifierpourlecanada.ca\/\" target=\"_blank\" rel=\"noopener\">Planifier pour le Canada<\/a><\/li>\n<li><a href=\"https:\/\/www.stu.ca\/\" target=\"_blank\" rel=\"noopener\">St. Thomas University<\/a><\/li>\n<li><a href=\"https:\/\/www.successbc.ca\/eng\" target=\"_blank\" rel=\"noopener\">S.U.C.C.E.S.S.<\/a><\/li>\n<li><a href=\"https:\/\/www.unb.ca\/\" target=\"_blank\" rel=\"noopener\">University of New Brunswick<\/a><\/li>\n<li><a href=\"https:\/\/ventureforcanada.ca\/fr\/programmes\/programme-de-bourse\" target=\"_blank\" rel=\"noopener\">Venture for Canada Fellowship<\/a><\/li>\n<\/ul>\n\t\t\t\t\t\t\t<\/div>\r\n\t\t\t\t\t\t\t\t\t\t<\/div>\n\t\t\t\t<\/div>\n\t\t\t\t\t<\/div>\n\t\t<\/div>\n\t\t\t\t\t<\/div><\/div>\r\n\t\t<\/section>\r\n\t\t\t\t\t<\/div>\n\t\t<\/div>\n\t\t\t\t\t<\/div><\/div>\r\n\t\t<\/section>\r\n\t\t\t\t<\/div>\n\t\t","protected":false},"excerpt":{"rendered":"<p>Merci \u00e0 nos bailleurs de fonds: Gouvernement f\u00e9d\u00e9ral : Immigration, R\u00e9fugi\u00e9s et Citoyennet\u00e9 Canada Innovation, Sciences et D\u00e9veloppement \u00e9conomique Canada&#8230;<\/p>\n","protected":false},"author":1,"featured_media":0,"parent":0,"menu_order":0,"comment_status":"closed","ping_status":"closed","template":"","meta":{"inline_featured_image":false,"footnotes":""},"class_list":["post-4110","page","type-page","status-publish"],"aioseo_notices":[],"_links":{"self":[{"href":"https:\/\/mcaf.nb.ca\/fr\/wp-json\/wp\/v2\/pages\/4110","targetHints":{"allow":["GET"]}}],"collection":[{"href":"https:\/\/mcaf.nb.ca\/fr\/wp-json\/wp\/v2\/pages"}],"about":[{"href":"https:\/\/mcaf.nb.ca\/fr\/wp-json\/wp\/v2\/types\/page"}],"author":[{"embeddable":true,"href":"https:\/\/mcaf.nb.ca\/fr\/wp-json\/wp\/v2\/users\/1"}],"replies":[{"embeddable":true,"href":"https:\/\/mcaf.nb.ca\/fr\/wp-json\/wp\/v2\/comments?post=4110"}],"version-history":[{"count":9,"href":"https:\/\/mcaf.nb.ca\/fr\/wp-json\/wp\/v2\/pages\/4110\/revisions"}],"predecessor-version":[{"id":14843,"href":"https:\/\/mcaf.nb.ca\/fr\/wp-json\/wp\/v2\/pages\/4110\/revisions\/14843"}],"wp:attachment":[{"href":"https:\/\/mcaf.nb.ca\/fr\/wp-json\/wp\/v2\/media?parent=4110"}],"curies":[{"name":"wp","href":"https:\/\/api.w.org\/{rel}","templated":true}]}}