{"id":4167,"date":"2019-03-22T13:25:47","date_gmt":"2019-03-22T16:25:47","guid":{"rendered":"http:\/\/mcaf-fredericton.com\/prise-et-reference\/"},"modified":"2020-11-19T16:59:36","modified_gmt":"2020-11-19T20:59:36","slug":"prise-et-reference","status":"publish","type":"page","link":"https:\/\/mcaf.nb.ca\/fr\/prise-et-reference\/","title":{"rendered":"Prise et r\u00e9f\u00e9rence"},"content":{"rendered":"\t\t<div data-elementor-type=\"wp-post\" data-elementor-id=\"4167\" class=\"elementor elementor-4167 elementor-2056\" data-elementor-post-type=\"page\">\n\t\t\t\t\t\t<section class=\"elementor-section elementor-top-section elementor-element elementor-element-82f8ae8 elementor-section-boxed elementor-section-height-default elementor-section-height-default\" data-id=\"82f8ae8\" data-element_type=\"section\" data-e-type=\"section\">\r\n\t\t\t\t\t\t<div class=\"elementor-container elementor-column-gap-thegem\"><div class=\"elementor-row\">\r\n\t\t\t\t\t<div class=\"elementor-column elementor-col-100 elementor-top-column elementor-element elementor-element-8cf85a5\" data-id=\"8cf85a5\" data-element_type=\"column\" data-e-type=\"column\">\n\t\t\t<div class=\"elementor-widget-wrap elementor-element-populated\">\n\t\t\t\t\t\t<section class=\"elementor-section elementor-inner-section elementor-element elementor-element-c8756a8 elementor-section-boxed elementor-section-height-default elementor-section-height-default\" data-id=\"c8756a8\" data-element_type=\"section\" data-e-type=\"section\">\r\n\t\t\t\t\t\t<div class=\"elementor-container elementor-column-gap-thegem\"><div class=\"elementor-row\">\r\n\t\t\t\t\t<div class=\"elementor-column elementor-col-33 elementor-inner-column elementor-element elementor-element-8b5f786\" data-id=\"8b5f786\" data-element_type=\"column\" data-e-type=\"column\">\n\t\t\t<div class=\"elementor-widget-wrap elementor-element-populated\">\n\t\t\t\t\t\t<div class=\"elementor-element elementor-element-b96ce60 flex-horizontal-align-default flex-horizontal-align-tablet-default flex-horizontal-align-mobile-default flex-vertical-align-default flex-vertical-align-tablet-default flex-vertical-align-mobile-default elementor-widget elementor-widget-image\" data-id=\"b96ce60\" data-element_type=\"widget\" data-e-type=\"widget\" data-widget_type=\"image.default\">\n\t\t\t\t<div class=\"elementor-widget-container\">\n\t\t\t\t\t\t\t\t\t\t\t\t\t\t\t<img fetchpriority=\"high\" width=\"780\" height=\"813\" src=\"https:\/\/mcaf.nb.ca\/wp-content\/uploads\/2018\/05\/MCAFintake.jpg\" class=\"attachment-large size-large wp-image-4168\" alt=\"\" srcset=\"https:\/\/mcaf.nb.ca\/wp-content\/uploads\/2018\/05\/MCAFintake.jpg 780w, https:\/\/mcaf.nb.ca\/wp-content\/uploads\/2018\/05\/MCAFintake-288x300.jpg 288w, https:\/\/mcaf.nb.ca\/wp-content\/uploads\/2018\/05\/MCAFintake-768x800.jpg 768w, https:\/\/mcaf.nb.ca\/wp-content\/uploads\/2018\/05\/MCAFintake-500x521.jpg 500w\" sizes=\"(max-width: 780px) 100vw, 780px\" \/>\t\t\t\t\t\t\t\t\t\t\t\t\t\t\t<\/div>\n\t\t\t\t<\/div>\n\t\t\t\t<div class=\"elementor-element elementor-element-086d4a9 flex-horizontal-align-default flex-horizontal-align-tablet-default flex-horizontal-align-mobile-default flex-vertical-align-default flex-vertical-align-tablet-default flex-vertical-align-mobile-default elementor-widget elementor-widget-heading\" data-id=\"086d4a9\" data-element_type=\"widget\" data-e-type=\"widget\" data-widget_type=\"heading.default\">\n\t\t\t\t<div class=\"elementor-widget-container\">\n\t\t\t\t\t<h2 class=\"elementor-heading-title elementor-size-default\">Nous avons h\u00e2te de vous rencontrer!<\/h2>\t\t\t\t<\/div>\n\t\t\t\t<\/div>\n\t\t\t\t\t<\/div>\n\t\t<\/div>\n\t\t\t\t<div class=\"elementor-column elementor-col-66 elementor-inner-column elementor-element elementor-element-82c2433\" data-id=\"82c2433\" data-element_type=\"column\" data-e-type=\"column\">\n\t\t\t<div class=\"elementor-widget-wrap elementor-element-populated\">\n\t\t\t\t\t\t<div class=\"elementor-element elementor-element-35b1784 flex-horizontal-align-default flex-horizontal-align-tablet-default flex-horizontal-align-mobile-default flex-vertical-align-default flex-vertical-align-tablet-default flex-vertical-align-mobile-default elementor-widget elementor-widget-heading\" data-id=\"35b1784\" data-element_type=\"widget\" data-e-type=\"widget\" data-widget_type=\"heading.default\">\n\t\t\t\t<div class=\"elementor-widget-container\">\n\t\t\t\t\t<h2 class=\"elementor-heading-title elementor-size-default\">Pour commencer : Accueil, \u00e9valuation des besoins et aiguillage (A\u00c9BA)<\/h2>\t\t\t\t<\/div>\n\t\t\t\t<\/div>\n\t\t\t\t<div class=\"elementor-element elementor-element-ad08a12 flex-horizontal-align-default flex-horizontal-align-tablet-default flex-horizontal-align-mobile-default flex-vertical-align-default flex-vertical-align-tablet-default flex-vertical-align-mobile-default elementor-widget elementor-widget-text-editor\" data-id=\"ad08a12\" data-element_type=\"widget\" data-e-type=\"widget\" data-widget_type=\"text-editor.default\">\n\t\t\t\t<div class=\"elementor-widget-container\">\n\t\t\t\t\t\t\t\t\t\t\t\t<div class=\"elementor-text-editor elementor-clearfix\">\r\n\t\t\t\t\t\t<p>Pour acc\u00e9der aux programmes et services de l\u2019AMCF, veuillez vous inscrire au pr\u00e9alable.<\/p><p><strong>\u00c9tape 1:\u00a0<\/strong> Remplissez et soumettez le <a href=\"https:\/\/mcaf.nb.ca\/fr\/le-formulaire-dadmission-de-lamcf\/\" target=\"_blank\" rel=\"noopener\">formulaire d&#8217;admission.<\/a><\/p><p><strong>\u00c9tape 2:<\/strong> Un employ\u00e9 de de l\u2019A\u00c9BA de l\u2019AMCF vous contactera dans un d\u00e9lai de 2 jours ouvrables afin de fixer un rendez-vous pour une rencontre en personne.<\/p><ul><li>Veuillez apporter la confirmation de r\u00e9sidence permanente (CRP) de chaque membre de votre famille \u00e0 cette rencontre.<\/li><\/ul><p>L\u2019A\u00c9BA de l\u2019AMCF recueille vos informations personnelles pour vous aiguiller vers les programmes et services appropri\u00e9s afin de mieux r\u00e9pondre \u00e0 vos besoins.\u00a0<span lang=\"fr\" tabindex=\"0\">Trouvez plus d&#8217;informations <a href=\"http:\/\/publications.gc.ca\/collections\/collection_2014\/cic\/Ci4-103-2013-fra.pdf\" target=\"_blank\" rel=\"noopener\">ici<\/a>.<\/span><\/p><p>Le personnel d\u2019A\u00c9BA de l\u2019AMCF pr\u00e9sente et recommande une vari\u00e9t\u00e9 de programmes, de services et de ressources disponibles \u00e0 l\u2019AMCF et dans la communaut\u00e9 en g\u00e9n\u00e9ral\u00a0:<\/p><ul><li>\u00c9valuation linguistique (en anglais ou en fran\u00e7ais)<\/li><li>Cours de langue (en anglais ou en fran\u00e7ais)<\/li><li><a href=\"https:\/\/mcaf.nb.ca\/fr\/ressources\/\" target=\"_blank\" rel=\"noopener\">Ressources \u00e0 Fredericton<\/a><\/li><\/ul><p><span lang=\"FR\">Pour \u00e9valuer vos besoins et dresser votre plan d\u2019\u00e9tablissement\u00a0<\/span><span lang=\"fr\" tabindex=\"0\">visitez ce <a href=\"http:\/\/www.cic.gc.ca\/lctvac\/francais\/index\" target=\"_blank\" rel=\"noopener\">lien<\/a>.<\/span><\/p>\t\t\t\t\t\t\t<\/div>\r\n\t\t\t\t\t\t\t\t\t\t<\/div>\n\t\t\t\t<\/div>\n\t\t\t\t\t<\/div>\n\t\t<\/div>\n\t\t\t\t\t<\/div><\/div>\r\n\t\t<\/section>\r\n\t\t\t\t\t<\/div>\n\t\t<\/div>\n\t\t\t\t\t<\/div><\/div>\r\n\t\t<\/section>\r\n\t\t\t\t<\/div>\n\t\t","protected":false},"excerpt":{"rendered":"<p>Nous avons h\u00e2te de vous rencontrer! Pour commencer : Accueil, \u00e9valuation des besoins et aiguillage (A\u00c9BA) Pour acc\u00e9der aux programmes&#8230;<\/p>\n","protected":false},"author":1,"featured_media":0,"parent":0,"menu_order":0,"comment_status":"closed","ping_status":"closed","template":"","meta":{"inline_featured_image":false,"footnotes":""},"class_list":["post-4167","page","type-page","status-publish"],"aioseo_notices":[],"_links":{"self":[{"href":"https:\/\/mcaf.nb.ca\/fr\/wp-json\/wp\/v2\/pages\/4167","targetHints":{"allow":["GET"]}}],"collection":[{"href":"https:\/\/mcaf.nb.ca\/fr\/wp-json\/wp\/v2\/pages"}],"about":[{"href":"https:\/\/mcaf.nb.ca\/fr\/wp-json\/wp\/v2\/types\/page"}],"author":[{"embeddable":true,"href":"https:\/\/mcaf.nb.ca\/fr\/wp-json\/wp\/v2\/users\/1"}],"replies":[{"embeddable":true,"href":"https:\/\/mcaf.nb.ca\/fr\/wp-json\/wp\/v2\/comments?post=4167"}],"version-history":[{"count":5,"href":"https:\/\/mcaf.nb.ca\/fr\/wp-json\/wp\/v2\/pages\/4167\/revisions"}],"predecessor-version":[{"id":8067,"href":"https:\/\/mcaf.nb.ca\/fr\/wp-json\/wp\/v2\/pages\/4167\/revisions\/8067"}],"wp:attachment":[{"href":"https:\/\/mcaf.nb.ca\/fr\/wp-json\/wp\/v2\/media?parent=4167"}],"curies":[{"name":"wp","href":"https:\/\/api.w.org\/{rel}","templated":true}]}}