{"id":4258,"date":"2019-03-22T17:12:31","date_gmt":"2019-03-22T20:12:31","guid":{"rendered":"http:\/\/mcaf-fredericton.com\/mentors\/"},"modified":"2024-04-14T19:03:53","modified_gmt":"2024-04-14T22:03:53","slug":"mentors-fr","status":"publish","type":"page","link":"https:\/\/mcaf.nb.ca\/fr\/mentors-fr\/","title":{"rendered":"Mentors-FR"},"content":{"rendered":"\t\t<div data-elementor-type=\"wp-post\" data-elementor-id=\"4258\" class=\"elementor elementor-4258 elementor-2203\" data-elementor-post-type=\"page\">\n\t\t\t\t<div class=\"elementor-element elementor-element-2ed9b0a thegem-e-con-layout-elementor e-flex e-con-boxed e-con e-parent\" data-id=\"2ed9b0a\" data-element_type=\"container\" data-e-type=\"container\" data-settings=\"{&quot;thegem_container_layout&quot;:&quot;elementor&quot;}\">\r\n\t\t\t\t\t<div class=\"e-con-inner\">\r\n\t\t<div class=\"elementor-element elementor-element-3668ab4 e-con-full thegem-e-con-layout-elementor e-flex e-con e-child\" data-id=\"3668ab4\" data-element_type=\"container\" data-e-type=\"container\" data-settings=\"{&quot;thegem_container_layout&quot;:&quot;elementor&quot;}\">\r\n\t\t\t\t<div class=\"elementor-element elementor-element-f4457d0 flex-horizontal-align-default flex-horizontal-align-tablet-default flex-horizontal-align-mobile-default flex-vertical-align-default flex-vertical-align-tablet-default flex-vertical-align-mobile-default elementor-widget elementor-widget-heading\" data-id=\"f4457d0\" data-element_type=\"widget\" data-e-type=\"widget\" data-widget_type=\"heading.default\">\n\t\t\t\t<div class=\"elementor-widget-container\">\n\t\t\t\t\t<h2 class=\"elementor-heading-title elementor-size-default\">Devenez un mentor professionnel<\/h2>\t\t\t\t<\/div>\n\t\t\t\t<\/div>\n\t\t\t\t<div class=\"elementor-element elementor-element-3d050c8 flex-horizontal-align-default flex-horizontal-align-tablet-default flex-horizontal-align-mobile-default flex-vertical-align-default flex-vertical-align-tablet-default flex-vertical-align-mobile-default elementor-widget elementor-widget-heading\" data-id=\"3d050c8\" data-element_type=\"widget\" data-e-type=\"widget\" data-widget_type=\"heading.default\">\n\t\t\t\t<div class=\"elementor-widget-container\">\n\t\t\t\t\t<h2 class=\"elementor-heading-title elementor-size-default\">Changez la vie d\u2019un nouvel arrivant<\/h2>\t\t\t\t<\/div>\n\t\t\t\t<\/div>\n\t\t\t\t<div class=\"elementor-element elementor-element-84977db flex-horizontal-align-default flex-horizontal-align-tablet-default flex-horizontal-align-mobile-default flex-vertical-align-default flex-vertical-align-tablet-default flex-vertical-align-mobile-default elementor-widget elementor-widget-text-editor\" data-id=\"84977db\" data-element_type=\"widget\" data-e-type=\"widget\" data-widget_type=\"text-editor.default\">\n\t\t\t\t<div class=\"elementor-widget-container\">\n\t\t\t\t\t\t\t\t\t\t\t\t<div class=\"elementor-text-editor elementor-clearfix\">\r\n\t\t\t\t\t\t<div>\n<p><span lang=\"FR-CA\">Des mentors transmettent \u00e0 de nouveaux arrivants pratiquant une profession similaire leurs connaissances sur leur profession\/emploi, le march\u00e9 du travail local et la communaut\u00e9. Les mentors offrent \u00e0 de nouveaux arrivants qualifi\u00e9s des conseils professionnels, des possibilit\u00e9s de r\u00e9seautage et du soutien pour les aider \u00e0 se tisser un r\u00e9seau et \u00e0 appliquer leurs comp\u00e9tences et leur exp\u00e9rience sur le march\u00e9 du travail du N.-B.<\/span><\/p>\n<\/div>\n<div>\n<p><span lang=\"FR-CA\">Les immigrants qualifi\u00e9s qui souhaitent \u00eatre jumel\u00e9s \u00e0 un mentor professionnel peuvent communiquer avec nous \u00e0 : <\/span><span lang=\"FR-CA\"><a href=\"mailto:mentorship@mcaf.nb.ca\">mentorship@mcaf.nb.ca<\/a><\/span><span lang=\"FR-CA\">.<\/span><\/p>\n<\/div>\n<div>\n<p><span lang=\"FR-CA\">Les professionnels qui souhaitent jouer le r\u00f4le de mentor b\u00e9n\u00e9vole pour de nouveaux arrivants peuvent communiquer avec nous \u00e0 :<span class=\"apple-converted-space\">\u00a0<\/span><\/span><span lang=\"FR-CA\"><a href=\"mailto:community-liaison@mcaf.nb.ca\">community-liaison@mcaf.nb.ca.<\/a><\/span><\/p>\n<\/div>\n<p>&nbsp;<\/p>\n\t\t\t\t\t\t\t<\/div>\r\n\t\t\t\t\t\t\t\t\t\t<\/div>\n\t\t\t\t<\/div>\n\t\t\t\t<\/div>\n\t\t<div class=\"elementor-element elementor-element-372d3fa e-con-full thegem-e-con-layout-elementor e-flex e-con e-child\" data-id=\"372d3fa\" data-element_type=\"container\" data-e-type=\"container\" data-settings=\"{&quot;thegem_container_layout&quot;:&quot;elementor&quot;}\">\r\n\t\t\t\t<div class=\"elementor-element elementor-element-aba34c7 flex-horizontal-align-default flex-horizontal-align-tablet-default flex-horizontal-align-mobile-default flex-vertical-align-default flex-vertical-align-tablet-default flex-vertical-align-mobile-default elementor-widget elementor-widget-image\" data-id=\"aba34c7\" data-element_type=\"widget\" data-e-type=\"widget\" data-widget_type=\"image.default\">\n\t\t\t\t<div class=\"elementor-widget-container\">\n\t\t\t\t\t\t\t\t\t\t\t\t\t\t\t<img fetchpriority=\"high\" width=\"900\" height=\"600\" src=\"https:\/\/mcaf.nb.ca\/wp-content\/uploads\/Mentorshipvolunteer.jpg\" class=\"attachment-large size-large wp-image-19882\" alt=\"\" srcset=\"https:\/\/mcaf.nb.ca\/wp-content\/uploads\/Mentorshipvolunteer.jpg 900w, https:\/\/mcaf.nb.ca\/wp-content\/uploads\/Mentorshipvolunteer-300x200.jpg 300w, https:\/\/mcaf.nb.ca\/wp-content\/uploads\/Mentorshipvolunteer-768x512.jpg 768w\" sizes=\"(max-width: 900px) 100vw, 900px\" \/>\t\t\t\t\t\t\t\t\t\t\t\t\t\t\t<\/div>\n\t\t\t\t<\/div>\n\t\t\t\t<\/div>\n\t\t\t\t\t<\/div>\n\t\t\t\t<\/div>\n\t\t\t\t<\/div>\n\t\t","protected":false},"excerpt":{"rendered":"<p>Devenez un mentor professionnel Changez la vie d\u2019un nouvel arrivant Des mentors transmettent \u00e0 de nouveaux arrivants pratiquant une profession&#8230;<\/p>\n","protected":false},"author":1,"featured_media":0,"parent":0,"menu_order":0,"comment_status":"closed","ping_status":"closed","template":"","meta":{"inline_featured_image":false,"footnotes":""},"class_list":["post-4258","page","type-page","status-publish"],"aioseo_notices":[],"_links":{"self":[{"href":"https:\/\/mcaf.nb.ca\/fr\/wp-json\/wp\/v2\/pages\/4258","targetHints":{"allow":["GET"]}}],"collection":[{"href":"https:\/\/mcaf.nb.ca\/fr\/wp-json\/wp\/v2\/pages"}],"about":[{"href":"https:\/\/mcaf.nb.ca\/fr\/wp-json\/wp\/v2\/types\/page"}],"author":[{"embeddable":true,"href":"https:\/\/mcaf.nb.ca\/fr\/wp-json\/wp\/v2\/users\/1"}],"replies":[{"embeddable":true,"href":"https:\/\/mcaf.nb.ca\/fr\/wp-json\/wp\/v2\/comments?post=4258"}],"version-history":[{"count":7,"href":"https:\/\/mcaf.nb.ca\/fr\/wp-json\/wp\/v2\/pages\/4258\/revisions"}],"predecessor-version":[{"id":20173,"href":"https:\/\/mcaf.nb.ca\/fr\/wp-json\/wp\/v2\/pages\/4258\/revisions\/20173"}],"wp:attachment":[{"href":"https:\/\/mcaf.nb.ca\/fr\/wp-json\/wp\/v2\/media?parent=4258"}],"curies":[{"name":"wp","href":"https:\/\/api.w.org\/{rel}","templated":true}]}}